{"id":137,"date":"2022-11-13T11:51:44","date_gmt":"2022-11-13T11:51:44","guid":{"rendered":"https:\/\/mace.es\/mace26\/mace23\/?page_id=137"},"modified":"2023-02-27T16:14:27","modified_gmt":"2023-02-27T16:14:27","slug":"optimitzacio-beneficis-clients","status":"publish","type":"page","link":"https:\/\/mace.es\/ca\/optimitzacio-beneficis-clients\/","title":{"rendered":"Optimitzaci\u00f3 Beneficis Clients"},"content":{"rendered":"<p>[vc_row padding_top_multiplier=&#8221;&#8221; padding_bottom_multiplier=&#8221;&#8221; disable_element=&#8221;yes&#8221;][vc_column]\n\t\t\t<!-- START Slider 1 1 REVOLUTION SLIDER 6.6.0 --><p class=\"rs-p-wp-fix\"><\/p>\n\t\t\t<rs-module-wrap id=\"rev_slider_2_1_wrapper\" data-source=\"gallery\" style=\"visibility:hidden;background:transparent;padding:0;margin:0px auto;margin-top:0;margin-bottom:0;\">\n\t\t\t\t<rs-module id=\"rev_slider_2_1\" style=\"\" data-version=\"6.6.0\">\n\t\t\t\t\t<rs-slides style=\"overflow: hidden; position: absolute;\">\n\t\t\t\t\t\t<rs-slide style=\"position: absolute;\" data-key=\"rs-2\" data-title=\"Slide\" data-in=\"o:0;\" data-out=\"a:false;\">\n\t\t\t\t\t\t\t<img decoding=\"async\" src=\"\/\/mace.es\/mace26\/mace23\/wp-content\/plugins\/revslider\/public\/assets\/assets\/dummy.png\" alt=\"Slide\" title=\"rotllo_ok_portada\" width=\"1000\" height=\"1150\" class=\"rev-slidebg tp-rs-img rs-lazyload\" data-lazyload=\"\/\/mace.es\/mace26\/mace23\/wp-content\/plugins\/revslider\/public\/assets\/assets\/transparent.png\" data-bg=\"c:#e5e5e5;\" data-no-retina>\n<!--\n\t\t\t\t\t\t\t--><rs-layer\n\t\t\t\t\t\t\t\tid=\"slider-2-slide-2-layer-0\" \n\t\t\t\t\t\t\t\tdata-type=\"text\"\n\t\t\t\t\t\t\t\tdata-color=\"#34aadc\"\n\t\t\t\t\t\t\t\tdata-rsp_ch=\"on\"\n\t\t\t\t\t\t\t\tdata-xy=\"x:681px;y:360px;\"\n\t\t\t\t\t\t\t\tdata-text=\"w:normal;s:69;l:69;fw:300;\"\n\t\t\t\t\t\t\t\tdata-frame_999=\"o:0;st:w;\"\n\t\t\t\t\t\t\t\tstyle=\"z-index:8;font-family:'Open Sans';\"\n\t\t\t\t\t\t\t>BEVERAGE,<br \/>\nSANITARY <br \/>\n& HVAC <br \/>\nAPPLICATIONS \n\t\t\t\t\t\t\t<\/rs-layer><!--\n\n\t\t\t\t\t\t\t--><rs-layer\n\t\t\t\t\t\t\t\tid=\"slider-2-slide-2-layer-4\" \n\t\t\t\t\t\t\t\tdata-type=\"image\"\n\t\t\t\t\t\t\t\tdata-rsp_ch=\"on\"\n\t\t\t\t\t\t\t\tdata-xy=\"x:1px;y:126px;\"\n\t\t\t\t\t\t\t\tdata-text=\"w:normal;\"\n\t\t\t\t\t\t\t\tdata-dim=\"w:672px;h:792px;\"\n\t\t\t\t\t\t\t\tdata-frame_999=\"o:0;st:w;\"\n\t\t\t\t\t\t\t\tstyle=\"z-index:9;\"\n\t\t\t\t\t\t\t><img decoding=\"async\" src=\"\/\/mace.es\/mace26\/mace23\/wp-content\/plugins\/revslider\/public\/assets\/assets\/dummy.png\" alt=\"\" class=\"tp-rs-img rs-lazyload\" width=\"1000\" height=\"1179\" data-lazyload=\"\/\/mace.es\/mace26\/mace23\/wp-content\/uploads\/2022\/11\/rollo_acero_trans.png\" data-no-retina> \n\t\t\t\t\t\t\t<\/rs-layer><!--\n-->\t\t\t\t\t\t<\/rs-slide>\n\t\t\t\t\t<\/rs-slides>\n\t\t\t\t<\/rs-module>\n\t\t\t\t<script>\n\t\t\t\t\tsetREVStartSize({c: 'rev_slider_2_1',rl:[1240,1024,778,480],el:[900],gw:[1240],gh:[900],type:'standard',justify:'',layout:'fullwidth',mh:\"0\"});if (window.RS_MODULES!==undefined && window.RS_MODULES.modules!==undefined && window.RS_MODULES.modules[\"revslider21\"]!==undefined) {window.RS_MODULES.modules[\"revslider21\"].once = false;window.revapi2 = undefined;if (window.RS_MODULES.checkMinimal!==undefined) window.RS_MODULES.checkMinimal()}\n\t\t\t\t<\/script>\n\t\t\t<\/rs-module-wrap>\n\t\t\t<!-- END REVOLUTION SLIDER -->\n[\/vc_column][\/vc_row][vc_row padding_top_multiplier=&#8221;6x&#8221; padding_bottom_multiplier=&#8221;&#8221;][vc_column]<h1 class=\"eut-element eut-title eut-align-inherit eut-h3\" style=\"\"><span>Reducci\u00f3 costos estructurals:<\/span><\/h1><div class=\"eut-element eut-divider\" style=\"padding-bottom: 30px;\"><span class=\"eut-custom-divider eut-bg-custom eut-align-inherit\" style=\"width: 100%;height: 2px; background-color: #0071b8;\"><\/span><\/div>[\/vc_column][\/vc_row][vc_row][vc_column width=&#8221;1\/3&#8243;]<div class=\"eut-element eut-image eut-align-inherit\" style=\"\"><div class=\"eut-image-wrapper eut-popup-item\" style=\"max-width:800px;\"><div class=\"eut-thumbnail-wrapper\"  style=\"max-width: 800px;\"><div class=\"eut-thumbnail\"  style=\"padding-top: 107.375%;\"><img loading=\"lazy\" decoding=\"async\" width=\"800\" height=\"859\" src=\"https:\/\/mace.es\/mace26\/mace23\/wp-content\/uploads\/2023\/02\/esquema-tub-1.jpg\" class=\"attachment-full size-full\" alt=\"\" data-eutf-filter=\"yes\" srcset=\"https:\/\/mace.es\/mace26\/mace23\/wp-content\/uploads\/2023\/02\/esquema-tub-1.jpg 800w, https:\/\/mace.es\/mace26\/mace23\/wp-content\/uploads\/2023\/02\/esquema-tub-1-279x300.jpg 279w, https:\/\/mace.es\/mace26\/mace23\/wp-content\/uploads\/2023\/02\/esquema-tub-1-768x825.jpg 768w\" sizes=\"auto, (max-width: 800px) 100vw, 800px\" \/><\/div><\/div>  <\/div><\/div>[\/vc_column][vc_column width=&#8221;1\/3&#8243;][vc_column_text]<strong><span style=\"color: #0071b8;\">MACE ofereix com a producte est\u00e0ndard bobines de tub entre 200-500 metres de longitud.<\/span><\/strong><br \/>\nSota petici\u00f3 del client, podem oferir bobines d\u2019entre 750 i fins a 1500 metres en producci\u00f3 continua i sense cap mena de uni\u00f3 de soldadura en la mateixa bobina.<\/p>\n<p>Amb aquestes longituds es podran reduir:<br \/>\n\u2022 Costos de producci\u00f3<br \/>\n\u2022 Parades de m\u00e0quina: 66% menys de parades de m\u00e0quina, respecte altres tipus de bobines.<br \/>\n\u2022 Mermes de serpentins: 10% menys de merma en el proc\u00e9s de fabricaci\u00f3 dels serpent\u00edns.<\/p>\n<p>Metres aproximats per palet:<br \/>\nAmb aquestes quantitats per palet, <span style=\"color: #0071b8;\"><strong>els nostres clients poden disposar de mes espai en el seu magatzem, reduiran els costos de manipulaci\u00f3, i reduiran el temps<\/strong><\/span> que necessiten els seus treballadors per transportar el tub des del magatzem fins al punt de producci\u00f3 dels serpentins.[\/vc_column_text][\/vc_column][vc_column width=&#8221;1\/3&#8243;][vc_column_text]Per altra banda, amb el nostre disseny d\u2019embalatge, <span style=\"color: #0071b8;\"><strong>les bobines estant totalment protegides durant el proc\u00e9s de manipulaci\u00f3 i transport<\/strong><\/span>, evitant d\u2019aquesta manera qualsevol possible cop que pugui malmetre el tub. A m\u00e9s a m\u00e9s, el proc\u00e9s d\u2019extracci\u00f3 del material del palet \u00e9s m\u00e9s \u00e0gil pel treballador que n\u2019ha de manipular la bobina de tub.<\/p>\n<p><strong><span style=\"color: #0071b8;\">Mace ofereix la gesti\u00f3 del transport del tub<\/span><\/strong>, el client pot escollir entre:<br \/>\n\u2022 EXW Esparreguera (Barcelona).<br \/>\n\u2022 DAP (en el vostre magatzem)<br \/>\n\u2022 CIF (port de dest\u00ed)<\/p>\n<p><span style=\"color: #999999;\">Nota: segons en Incoterms 2010<\/span>[\/vc_column_text][\/vc_column][\/vc_row][vc_row padding_top_multiplier=&#8221;2x&#8221; padding_bottom_multiplier=&#8221;&#8221;][vc_column]<h1 class=\"eut-element eut-title eut-align-inherit eut-h3\" style=\"\"><span>Millora de la productivitat<\/span><\/h1><div class=\"eut-element eut-divider\" style=\"padding-bottom: 30px;\"><span class=\"eut-custom-divider eut-bg-custom eut-align-inherit\" style=\"width: 100%;height: 2px; background-color: #0071b8;\"><\/span><\/div>[\/vc_column][\/vc_row][vc_row][vc_column width=&#8221;1\/2&#8243; vertical_content_position=&#8221;middle&#8221;][vc_column_text]La nostre millora constant i persistent en termes de productivitat, ens permet <strong><span style=\"color: #0071b8;\">garantir als nostres clients la disponibilitat del tub<\/span> <\/strong>quan ells ho requereixin, tant si ens han facilitat una programaci\u00f3 d\u2019aprovisionament com si ho demanen per una data concreta. Per a MACE \u00e9s molt important complir amb els terminis acordats.<\/p>\n<p>Gracies al nostre personal altament qualificat en la producci\u00f3 de tub, ens ha perm\u00e8s tenir una <strong><span style=\"color: #0071b8;\">capacitat de reacci\u00f3 molt r\u00e0pida<\/span><\/strong> quan hi ha una gran concentraci\u00f3 de demandes de tub per part dels nostres clients<\/p>\n<p>Experi\u00e8ncia, flexibilitat i persist\u00e8ncia son elements basics en els serveis que MACE ofereix als seus clients, <span style=\"color: #0071b8;\"><strong>el nostre principal objectiu \u00e9s que el nostre client estigui content amb el nostres productes i serveis.<\/strong><\/span>[\/vc_column_text][\/vc_column][vc_column width=&#8221;1\/2&#8243; text_align=&#8221;center&#8221;]<div class=\"eut-element eut-image eut-align-inherit\" style=\"\"><div class=\"eut-image-wrapper eut-popup-item\" style=\"max-width:412px;\"><div class=\"eut-thumbnail-wrapper\"  style=\"max-width: 412px;\"><div class=\"eut-thumbnail\"  style=\"padding-top: 62.621%;\"><img loading=\"lazy\" decoding=\"async\" width=\"412\" height=\"258\" src=\"https:\/\/mace.es\/mace26\/mace23\/wp-content\/uploads\/2022\/11\/imatge8_2.jpg\" class=\"attachment-full size-full\" alt=\"\" data-eutf-filter=\"yes\" srcset=\"https:\/\/mace.es\/mace26\/mace23\/wp-content\/uploads\/2022\/11\/imatge8_2.jpg 412w, https:\/\/mace.es\/mace26\/mace23\/wp-content\/uploads\/2022\/11\/imatge8_2-300x188.jpg 300w\" sizes=\"auto, (max-width: 412px) 100vw, 412px\" \/><\/div><\/div>  <\/div><\/div>[\/vc_column][\/vc_row][vc_row padding_top_multiplier=&#8221;2x&#8221; padding_bottom_multiplier=&#8221;&#8221;][vc_column]<h1 class=\"eut-element eut-title eut-align-inherit eut-h3\" style=\"\"><span>\u00datils i M\u00e0quinaria<\/span><\/h1><div class=\"eut-element eut-divider\" style=\"padding-bottom: 30px;\"><span class=\"eut-custom-divider eut-bg-custom eut-align-inherit\" style=\"width: 100%;height: 2px; background-color: #0071b8;\"><\/span><\/div>[\/vc_column][\/vc_row][vc_row padding_bottom_multiplier=&#8221;2x&#8221;][vc_column width=&#8221;1\/2&#8243; text_align=&#8221;center&#8221;]<div class=\"eut-element eut-image eut-align-inherit\" style=\"\"><div class=\"eut-image-wrapper eut-popup-item\" style=\"max-width:412px;\"><div class=\"eut-thumbnail-wrapper\"  style=\"max-width: 412px;\"><div class=\"eut-thumbnail\"  style=\"padding-top: 83.495%;\"><img loading=\"lazy\" decoding=\"async\" width=\"412\" height=\"344\" src=\"https:\/\/mace.es\/mace26\/mace23\/wp-content\/uploads\/2022\/11\/imatge9_2.jpg\" class=\"attachment-full size-full\" alt=\"\" data-eutf-filter=\"yes\" srcset=\"https:\/\/mace.es\/mace26\/mace23\/wp-content\/uploads\/2022\/11\/imatge9_2.jpg 412w, https:\/\/mace.es\/mace26\/mace23\/wp-content\/uploads\/2022\/11\/imatge9_2-300x250.jpg 300w\" sizes=\"auto, (max-width: 412px) 100vw, 412px\" \/><\/div><\/div>  <\/div><\/div>[\/vc_column][vc_column width=&#8221;1\/2&#8243; vertical_content_position=&#8221;middle&#8221;][vc_column_text]<span style=\"color: #0071b8;\"><strong>Realitzaci\u00f3 de tot tipus de serpentins <\/strong><\/span>sota petici\u00f3 directe del client.<\/p>\n<p><span style=\"color: #0071b8;\"><strong>Capacitat i enginyeria per realitzar tot tipus d\u2019\u00fatils<\/strong><\/span> per tal de facilitar qualsevol treball amb el tub, principalment els acabats dels serpentins.<\/p>\n<p><strong><span style=\"color: #0071b8;\">Col\u00b7laboraci\u00f3 habitual amb diversos estudis d\u2019enginyeria i universitats<\/span><\/strong> per tal de dur a terme els seus projectes posant a la seva disposici\u00f3 el nostre personal i maquin\u00e0ria.[\/vc_column_text][\/vc_column][\/vc_row]<\/p>\n","protected":false},"excerpt":{"rendered":"<p>[vc_row padding_top_multiplier=&#8221;&#8221; padding_bottom_multiplier=&#8221;&#8221; disable_element=&#8221;yes&#8221;][vc_column][\/vc_column][\/vc_row][vc_row padding_top_multiplier=&#8221;6x&#8221; padding_bottom_multiplier=&#8221;&#8221;][vc_column][\/vc_column][\/vc_row][vc_row][vc_column width=&#8221;1\/3&#8243;][\/vc_column][vc_column width=&#8221;1\/3&#8243;][vc_column_text]MACE ofereix com a producte est\u00e0ndard bobines de tub entre 200-500 metres de longitud. Sota petici\u00f3 del client, podem oferir bobines d\u2019entre 750 i fins a 1500 metres en producci\u00f3 continua i sense cap mena de uni\u00f3 de soldadura en la mateixa bobina. Amb aquestes longituds es podran [&hellip;]<\/p>\n","protected":false},"author":1,"featured_media":0,"parent":0,"menu_order":0,"comment_status":"closed","ping_status":"closed","template":"","meta":{"footnotes":""},"class_list":["post-137","page","type-page","status-publish","hentry"],"_links":{"self":[{"href":"https:\/\/mace.es\/ca\/wp-json\/wp\/v2\/pages\/137","targetHints":{"allow":["GET"]}}],"collection":[{"href":"https:\/\/mace.es\/ca\/wp-json\/wp\/v2\/pages"}],"about":[{"href":"https:\/\/mace.es\/ca\/wp-json\/wp\/v2\/types\/page"}],"author":[{"embeddable":true,"href":"https:\/\/mace.es\/ca\/wp-json\/wp\/v2\/users\/1"}],"replies":[{"embeddable":true,"href":"https:\/\/mace.es\/ca\/wp-json\/wp\/v2\/comments?post=137"}],"version-history":[{"count":16,"href":"https:\/\/mace.es\/ca\/wp-json\/wp\/v2\/pages\/137\/revisions"}],"predecessor-version":[{"id":497,"href":"https:\/\/mace.es\/ca\/wp-json\/wp\/v2\/pages\/137\/revisions\/497"}],"wp:attachment":[{"href":"https:\/\/mace.es\/ca\/wp-json\/wp\/v2\/media?parent=137"}],"curies":[{"name":"wp","href":"https:\/\/api.w.org\/{rel}","templated":true}]}}