{"id":154,"date":"2022-11-13T12:08:56","date_gmt":"2022-11-13T12:08:56","guid":{"rendered":"https:\/\/mace.es\/mace26\/mace23\/?page_id=154"},"modified":"2023-01-09T16:53:35","modified_gmt":"2023-01-09T16:53:35","slug":"empresa-i-servei","status":"publish","type":"page","link":"https:\/\/mace.es\/ca\/empresa-i-servei\/","title":{"rendered":"Empresa i Servei"},"content":{"rendered":"<p>[vc_row padding_top_multiplier=&#8221;&#8221; padding_bottom_multiplier=&#8221;&#8221;][vc_column]\n\t\t\t<!-- START Slider 1 11 REVOLUTION SLIDER 6.6.0 --><p class=\"rs-p-wp-fix\"><\/p>\n\t\t\t<rs-module-wrap id=\"rev_slider_3_1_wrapper\" data-source=\"gallery\" style=\"visibility:hidden;background:transparent;padding:0;margin:0px auto;margin-top:0;margin-bottom:0;\">\n\t\t\t\t<rs-module id=\"rev_slider_3_1\" style=\"\" data-version=\"6.6.0\">\n\t\t\t\t\t<rs-slides style=\"overflow: hidden; position: absolute;\">\n\t\t\t\t\t\t<rs-slide style=\"position: absolute;\" data-key=\"rs-3\" data-title=\"Slide\" data-in=\"o:0;\" data-out=\"a:false;\">\n\t\t\t\t\t\t\t<img decoding=\"async\" src=\"\/\/mace.es\/mace26\/mace23\/wp-content\/plugins\/revslider\/public\/assets\/assets\/dummy.png\" alt=\"\" title=\"slider_mace_03b\" width=\"1900\" height=\"1425\" class=\"rev-slidebg tp-rs-img rs-lazyload\" data-lazyload=\"\/\/mace.es\/mace26\/mace23\/wp-content\/uploads\/2023\/02\/slider_mace_03b.jpg\" data-bg=\"p:center bottom;\" data-no-retina>\n<!---->\t\t\t\t\t\t<\/rs-slide>\n\t\t\t\t\t<\/rs-slides>\n\t\t\t\t<\/rs-module>\n\t\t\t\t<script>\n\t\t\t\t\tsetREVStartSize({c: 'rev_slider_3_1',rl:[1240,1024,778,480],el:[900],gw:[1240],gh:[900],type:'standard',justify:'',layout:'fullwidth',mh:\"0\"});if (window.RS_MODULES!==undefined && window.RS_MODULES.modules!==undefined && window.RS_MODULES.modules[\"revslider31\"]!==undefined) {window.RS_MODULES.modules[\"revslider31\"].once = false;window.revapi3 = undefined;if (window.RS_MODULES.checkMinimal!==undefined) window.RS_MODULES.checkMinimal()}\n\t\t\t\t<\/script>\n\t\t\t<\/rs-module-wrap>\n\t\t\t<!-- END REVOLUTION SLIDER -->\n[\/vc_column][\/vc_row][vc_row padding_top_multiplier=&#8221;3x&#8221; padding_bottom_multiplier=&#8221;3x&#8221; columns_gap=&#8221;60&#8243;][vc_column width=&#8221;1\/2&#8243;][vc_column_text]<span style=\"color: #0071b8;\"><strong>MECANIZADOS MACE, S.L., va ser fundada l\u2019any 1951<\/strong> <\/span>com a empresa de serveis metal\u00b7l\u00fargics, especialitzada en la construcci\u00f3 d\u2019\u00fatils, m\u00e0quines i prototips per a clients de tot tipus, i en especial, la construcci\u00f3 i manteniment de maquinaria pel tub.[\/vc_column_text][\/vc_column][vc_column width=&#8221;1\/2&#8243;][vc_column_text]L\u2019experi\u00e8ncia obtinguda en aquesta fase inicial va permetre que l\u2019any 1993 inici\u00e9ssim la producci\u00f3 de tub d\u2019acer inoxidable (pel sector de la cervesa i refrescos), dissenyant i construint la maquinaria necess\u00e0ria nosaltres mateixos, aix\u00ed com el desenvolupament de tecnologia pr\u00f2pia per realitzar el recuit en l\u00ednea (hipertemple).[\/vc_column_text][\/vc_column][\/vc_row][vc_row padding_top_multiplier=&#8221;&#8221; padding_bottom_multiplier=&#8221;&#8221; columns_gap=&#8221;60&#8243;][vc_column width=&#8221;1\/2&#8243;]<div class=\"eut-element eut-image eut-align-inherit eut-image-space-100 eut-image-expand-width\" style=\"\"><div class=\"eut-image-wrapper eut-popup-item\"><div class=\"eut-thumbnail-wrapper\"><div class=\"eut-thumbnail\"  style=\"padding-top: 83.495%;\"><img loading=\"lazy\" decoding=\"async\" width=\"412\" height=\"344\" src=\"https:\/\/mace.es\/mace26\/mace23\/wp-content\/uploads\/2022\/11\/imatge11_2.jpg\" class=\"attachment-full size-full\" alt=\"\" data-eutf-filter=\"yes\" srcset=\"https:\/\/mace.es\/mace26\/mace23\/wp-content\/uploads\/2022\/11\/imatge11_2.jpg 412w, https:\/\/mace.es\/mace26\/mace23\/wp-content\/uploads\/2022\/11\/imatge11_2-300x250.jpg 300w\" sizes=\"auto, (max-width: 412px) 100vw, 412px\" \/><\/div><\/div>  <\/div><\/div>[\/vc_column][vc_column width=&#8221;1\/2&#8243;]<h1 class=\"eut-element eut-title eut-align-inherit eut-h3\" style=\"\"><span>Experi\u00e8ncia<\/span><\/h1><div class=\"eut-element eut-divider\" style=\"padding-bottom: 30px;\"><span class=\"eut-custom-divider eut-bg-custom eut-align-inherit\" style=\"width: 100%;height: 2px; background-color: #0071b8;\"><\/span><\/div><div class=\"eut-empty-space eut-height-1x\" style=\"\"><\/div>[vc_column_text]L\u2019experi\u00e8ncia acumulada durant aquests anys, col\u2022laborant amb els nostres clients resolent les seves necessitats i donant solucions a les exig\u00e8ncies m\u00e9s dispars ens han dotat d&#8217;un alt nivell de tecnologia, que ens permeten evolucionar millora constantment el nostre producte i els serveis especialitzats oferts.[\/vc_column_text][\/vc_column][\/vc_row][vc_row padding_top_multiplier=&#8221;2x&#8221; padding_bottom_multiplier=&#8221;2x&#8221; columns_gap=&#8221;60&#8243;][vc_column width=&#8221;1\/2&#8243;]<h1 class=\"eut-element eut-title eut-align-inherit eut-h3\" style=\"\"><span>Comprom\u00eds<\/span><\/h1><div class=\"eut-element eut-divider\" style=\"padding-bottom: 30px;\"><span class=\"eut-custom-divider eut-bg-custom eut-align-inherit\" style=\"width: 100%;height: 2px; background-color: #0071b8;\"><\/span><\/div>[vc_column_text]Ens hem marcat un alt nivell de comprom\u00eds en el compliment del nostre servei al client assegurant els terminis de lliurament i les planificacions pactades, aix\u00ed com amb l\u2019assegurament de la qualitat en el nostre producte final sotmetent-lo a exhaustius tests i controls.[\/vc_column_text]<div class=\"eut-element eut-image eut-align-inherit eut-image-space-100 eut-image-expand-width\" style=\"\"><div class=\"eut-image-wrapper eut-popup-item\"><div class=\"eut-thumbnail-wrapper\"><div class=\"eut-thumbnail\"  style=\"padding-top: 83.495%;\"><img loading=\"lazy\" decoding=\"async\" width=\"412\" height=\"344\" src=\"https:\/\/mace.es\/mace26\/mace23\/wp-content\/uploads\/2022\/11\/imatge13_2.jpg\" class=\"attachment-full size-full\" alt=\"\" data-eutf-filter=\"yes\" srcset=\"https:\/\/mace.es\/mace26\/mace23\/wp-content\/uploads\/2022\/11\/imatge13_2.jpg 412w, https:\/\/mace.es\/mace26\/mace23\/wp-content\/uploads\/2022\/11\/imatge13_2-300x250.jpg 300w\" sizes=\"auto, (max-width: 412px) 100vw, 412px\" \/><\/div><\/div>  <\/div><\/div>[\/vc_column][vc_column width=&#8221;1\/2&#8243;]<h1 class=\"eut-element eut-title eut-align-inherit eut-h3\" style=\"\"><span>Rapida resposta<\/span><\/h1><div class=\"eut-element eut-divider\" style=\"padding-bottom: 30px;\"><span class=\"eut-custom-divider eut-bg-custom eut-align-inherit\" style=\"width: 100%;height: 2px; background-color: #0071b8;\"><\/span><\/div>[vc_column_text]L\u2019equilibri entre les nostres dimensions i model organitzatiu horitzontal ens aporta una \u00e0mplia flexibilitat en el nostre proc\u00e9s productiu, el que ens permet adaptar r\u00e0pidament a les necessitats de subministrament dels nostres clients, comptant a m\u00e9s amb un ampli estoc de producte acabat.[\/vc_column_text]<div class=\"eut-empty-space eut-height-1x\" style=\"\"><\/div><div class=\"eut-element eut-image eut-align-inherit eut-image-space-100 eut-image-expand-width\" style=\"\"><div class=\"eut-image-wrapper eut-popup-item\"><div class=\"eut-thumbnail-wrapper\"><div class=\"eut-thumbnail\"  style=\"padding-top: 83.495%;\"><img loading=\"lazy\" decoding=\"async\" width=\"412\" height=\"344\" src=\"https:\/\/mace.es\/mace26\/mace23\/wp-content\/uploads\/2022\/11\/imatge12_2.jpg\" class=\"attachment-full size-full\" alt=\"\" data-eutf-filter=\"yes\" srcset=\"https:\/\/mace.es\/mace26\/mace23\/wp-content\/uploads\/2022\/11\/imatge12_2.jpg 412w, https:\/\/mace.es\/mace26\/mace23\/wp-content\/uploads\/2022\/11\/imatge12_2-300x250.jpg 300w\" sizes=\"auto, (max-width: 412px) 100vw, 412px\" \/><\/div><\/div>  <\/div><\/div>[\/vc_column][\/vc_row]<\/p>\n","protected":false},"excerpt":{"rendered":"<p>[vc_row padding_top_multiplier=&#8221;&#8221; padding_bottom_multiplier=&#8221;&#8221;][vc_column][\/vc_column][\/vc_row][vc_row padding_top_multiplier=&#8221;3x&#8221; padding_bottom_multiplier=&#8221;3x&#8221; columns_gap=&#8221;60&#8243;][vc_column width=&#8221;1\/2&#8243;][vc_column_text]MECANIZADOS MACE, S.L., va ser fundada l\u2019any 1951 com a empresa de serveis metal\u00b7l\u00fargics, especialitzada en la construcci\u00f3 d\u2019\u00fatils, m\u00e0quines i prototips per a clients de tot tipus, i en especial, la construcci\u00f3 i manteniment de maquinaria pel tub.[\/vc_column_text][\/vc_column][vc_column width=&#8221;1\/2&#8243;][vc_column_text]L\u2019experi\u00e8ncia obtinguda en aquesta fase inicial va permetre que l\u2019any [&hellip;]<\/p>\n","protected":false},"author":1,"featured_media":0,"parent":0,"menu_order":0,"comment_status":"closed","ping_status":"closed","template":"","meta":{"footnotes":""},"class_list":["post-154","page","type-page","status-publish","hentry"],"_links":{"self":[{"href":"https:\/\/mace.es\/ca\/wp-json\/wp\/v2\/pages\/154","targetHints":{"allow":["GET"]}}],"collection":[{"href":"https:\/\/mace.es\/ca\/wp-json\/wp\/v2\/pages"}],"about":[{"href":"https:\/\/mace.es\/ca\/wp-json\/wp\/v2\/types\/page"}],"author":[{"embeddable":true,"href":"https:\/\/mace.es\/ca\/wp-json\/wp\/v2\/users\/1"}],"replies":[{"embeddable":true,"href":"https:\/\/mace.es\/ca\/wp-json\/wp\/v2\/comments?post=154"}],"version-history":[{"count":26,"href":"https:\/\/mace.es\/ca\/wp-json\/wp\/v2\/pages\/154\/revisions"}],"predecessor-version":[{"id":195,"href":"https:\/\/mace.es\/ca\/wp-json\/wp\/v2\/pages\/154\/revisions\/195"}],"wp:attachment":[{"href":"https:\/\/mace.es\/ca\/wp-json\/wp\/v2\/media?parent=154"}],"curies":[{"name":"wp","href":"https:\/\/api.w.org\/{rel}","templated":true}]}}