{"id":68,"date":"2022-11-10T17:05:49","date_gmt":"2022-11-10T17:05:49","guid":{"rendered":"https:\/\/mace.es\/mace26\/mace23\/?page_id=68"},"modified":"2023-02-27T12:40:42","modified_gmt":"2023-02-27T12:40:42","slug":"qualitat","status":"publish","type":"page","link":"https:\/\/mace.es\/ca\/qualitat\/","title":{"rendered":"Qualitat"},"content":{"rendered":"<p>[vc_row padding_top_multiplier=&#8221;&#8221; padding_bottom_multiplier=&#8221;&#8221; disable_element=&#8221;yes&#8221;][vc_column]\n\t\t\t<!-- START Slider 1 1 REVOLUTION SLIDER 6.6.0 --><p class=\"rs-p-wp-fix\"><\/p>\n\t\t\t<rs-module-wrap id=\"rev_slider_2_1_wrapper\" data-source=\"gallery\" style=\"visibility:hidden;background:transparent;padding:0;margin:0px auto;margin-top:0;margin-bottom:0;\">\n\t\t\t\t<rs-module id=\"rev_slider_2_1\" style=\"\" data-version=\"6.6.0\">\n\t\t\t\t\t<rs-slides style=\"overflow: hidden; position: absolute;\">\n\t\t\t\t\t\t<rs-slide style=\"position: absolute;\" data-key=\"rs-2\" data-title=\"Slide\" data-in=\"o:0;\" data-out=\"a:false;\">\n\t\t\t\t\t\t\t<img decoding=\"async\" src=\"\/\/mace.es\/mace26\/mace23\/wp-content\/plugins\/revslider\/public\/assets\/assets\/dummy.png\" alt=\"Slide\" title=\"rotllo_ok_portada\" width=\"1000\" height=\"1150\" class=\"rev-slidebg tp-rs-img rs-lazyload\" data-lazyload=\"\/\/mace.es\/mace26\/mace23\/wp-content\/plugins\/revslider\/public\/assets\/assets\/transparent.png\" data-bg=\"c:#e5e5e5;\" data-no-retina>\n<!--\n\t\t\t\t\t\t\t--><rs-layer\n\t\t\t\t\t\t\t\tid=\"slider-2-slide-2-layer-0\" \n\t\t\t\t\t\t\t\tdata-type=\"text\"\n\t\t\t\t\t\t\t\tdata-color=\"#34aadc\"\n\t\t\t\t\t\t\t\tdata-rsp_ch=\"on\"\n\t\t\t\t\t\t\t\tdata-xy=\"x:681px;y:360px;\"\n\t\t\t\t\t\t\t\tdata-text=\"w:normal;s:69;l:69;fw:300;\"\n\t\t\t\t\t\t\t\tdata-frame_999=\"o:0;st:w;\"\n\t\t\t\t\t\t\t\tstyle=\"z-index:8;font-family:'Open Sans';\"\n\t\t\t\t\t\t\t>BEVERAGE,<br \/>\nSANITARY <br \/>\n& HVAC <br \/>\nAPPLICATIONS \n\t\t\t\t\t\t\t<\/rs-layer><!--\n\n\t\t\t\t\t\t\t--><rs-layer\n\t\t\t\t\t\t\t\tid=\"slider-2-slide-2-layer-4\" \n\t\t\t\t\t\t\t\tdata-type=\"image\"\n\t\t\t\t\t\t\t\tdata-rsp_ch=\"on\"\n\t\t\t\t\t\t\t\tdata-xy=\"x:1px;y:126px;\"\n\t\t\t\t\t\t\t\tdata-text=\"w:normal;\"\n\t\t\t\t\t\t\t\tdata-dim=\"w:672px;h:792px;\"\n\t\t\t\t\t\t\t\tdata-frame_999=\"o:0;st:w;\"\n\t\t\t\t\t\t\t\tstyle=\"z-index:9;\"\n\t\t\t\t\t\t\t><img decoding=\"async\" src=\"\/\/mace.es\/mace26\/mace23\/wp-content\/plugins\/revslider\/public\/assets\/assets\/dummy.png\" alt=\"\" class=\"tp-rs-img rs-lazyload\" width=\"1000\" height=\"1179\" data-lazyload=\"\/\/mace.es\/mace26\/mace23\/wp-content\/uploads\/2022\/11\/rollo_acero_trans.png\" data-no-retina> \n\t\t\t\t\t\t\t<\/rs-layer><!--\n-->\t\t\t\t\t\t<\/rs-slide>\n\t\t\t\t\t<\/rs-slides>\n\t\t\t\t<\/rs-module>\n\t\t\t\t<script>\n\t\t\t\t\tsetREVStartSize({c: 'rev_slider_2_1',rl:[1240,1024,778,480],el:[900],gw:[1240],gh:[900],type:'standard',justify:'',layout:'fullwidth',mh:\"0\"});if (window.RS_MODULES!==undefined && window.RS_MODULES.modules!==undefined && window.RS_MODULES.modules[\"revslider21\"]!==undefined) {window.RS_MODULES.modules[\"revslider21\"].once = false;window.revapi2 = undefined;if (window.RS_MODULES.checkMinimal!==undefined) window.RS_MODULES.checkMinimal()}\n\t\t\t\t<\/script>\n\t\t\t<\/rs-module-wrap>\n\t\t\t<!-- END REVOLUTION SLIDER -->\n[\/vc_column][\/vc_row][vc_row padding_top_multiplier=&#8221;6x&#8221; padding_bottom_multiplier=&#8221;&#8221;][vc_column]<h1 class=\"eut-element eut-title eut-align-inherit eut-h3\" style=\"\"><span>Qualitat de Proc\u00e9s:<\/span><\/h1><div class=\"eut-element eut-divider\" style=\"padding-bottom: 30px;\"><span class=\"eut-custom-divider eut-bg-custom eut-align-inherit\" style=\"width: 100%;height: 2px; background-color: #0071b8;\"><\/span><\/div>[\/vc_column][\/vc_row][vc_row][vc_column width=&#8221;1\/2&#8243;][vc_column_text]<span style=\"color: #0071b8;\"><strong>Qualitat:<\/strong><\/span><\/p>\n<p>La <span style=\"color: #0071b8;\"><strong>totalitat (100%) de la producci\u00f3<\/strong><\/span> que surt de m\u00e0quina <span style=\"color: #0071b8;\"><strong>est\u00e0 verificada<\/strong><\/span> amb els seg\u00fcents assaigs destructius i no destructius basats en les normatives especifiques.[\/vc_column_text]<div class=\"eut-empty-space eut-height-1x\" style=\"\"><\/div><div class=\"eut-element eut-image eut-align-inherit\" style=\"\"><div class=\"eut-image-wrapper eut-popup-item\" style=\"max-width:412px;\"><div class=\"eut-thumbnail-wrapper\"  style=\"max-width: 412px;\"><div class=\"eut-thumbnail\"  style=\"padding-top: 101.699%;\"><img loading=\"lazy\" decoding=\"async\" width=\"412\" height=\"419\" src=\"https:\/\/mace.es\/mace26\/mace23\/wp-content\/uploads\/2022\/11\/imatge_2.jpg\" class=\"attachment-full size-full\" alt=\"\" data-eutf-filter=\"yes\" srcset=\"https:\/\/mace.es\/mace26\/mace23\/wp-content\/uploads\/2022\/11\/imatge_2.jpg 412w, https:\/\/mace.es\/mace26\/mace23\/wp-content\/uploads\/2022\/11\/imatge_2-295x300.jpg 295w\" sizes=\"auto, (max-width: 412px) 100vw, 412px\" \/><\/div><\/div>  <\/div><\/div>[\/vc_column][vc_column width=&#8221;1\/2&#8243;][vc_column_text]<span style=\"color: #0071b8;\"><strong>Normativa:<\/strong><\/span><\/p>\n<p><span style=\"color: #0071b8;\"><strong>MACE verifica a 10-250 bar de pressi\u00f3 durant 15 minuts dins d&#8217;un tanc d&#8217;aigua<\/strong><\/span>, per tal d&#8217;analitzar que no hi hagi cap porositat en el tub. Es realitza aquest test per comptes d&#8217;altres, ja que s&#8217;ha demostrat, que el millor m\u00e8tode \u00e9s el de bombolla, ja qu\u00e8 ofereix mes garanties d&#8217;estanque\u00eftat.<\/p>\n<p>En els seg\u00fcents punts els mostrem la normativa UNE-EN que apliquem:<\/p>\n<ul>\n<li><strong><span style=\"color: #0071b8;\">UNE EN ISO 9001:2015<\/span><\/strong>.<\/li>\n<li><span style=\"color: #0071b8;\"><strong>UNE EN 10217-7<\/strong><\/span> (Tub d&#8217;acer inoxidable soldat per utilitzar en aplicacions de pressi\u00f3, condicions t\u00e8cniques de subministrament, tubs d&#8217;acer inoxidable).<\/li>\n<li>Prova de fugues, utilitzem les seg\u00fcents: <span style=\"color: #0071b8;\"><strong>UNE-EN 13184<\/strong><\/span> (M\u00e8tode de canvi de pressi\u00f3) i <span style=\"color: #0071b8;\"><strong>UNE-EN 1593<\/strong><\/span> (T\u00e8cnica d\u2019emissi\u00f3 de bombolles). Aquestes dues normatives provenen de <span style=\"color: #0071b8;\"><strong>UNE-EN 1779<\/strong><\/span> (Criteris per la selecci\u00f3 del m\u00e8tode i la t\u00e8cnica).<\/li>\n<li>Altres tipus de test que s\u2019apliquen:\n<ul>\n<li>DIN 10233 canviada per <span style=\"color: #0071b8;\"><strong>UNE \u2013 EN 8492<\/strong><\/span> (test aixafament)<\/li>\n<li>DIN 10234 canviada per <span style=\"color: #0071b8;\"><strong>UNE \u2013 EN 8493<\/strong><\/span> (test d\u2019expansionat)<\/li>\n<li><span style=\"color: #0071b8;\"><strong>UNE \u2013 EN 1127<\/strong><\/span> (dimensions i toler\u00e0ncies).<\/li>\n<\/ul>\n<\/li>\n<\/ul>\n<p>[\/vc_column_text][\/vc_column][\/vc_row][vc_row padding_bottom_multiplier=&#8221;2x&#8221; mobile_visibility=&#8221;hide&#8221;][vc_column width=&#8221;1\/4&#8243; column_effect=&#8221;vertical-parallax&#8221; column_effect_invert=&#8221;true&#8221;][vc_column_text]<span style=\"color: #0071b8;\"><strong>Organigrama proc\u00e9s<\/strong><\/span><br \/>\n<span style=\"color: #0071b8;\"><strong>de verificaci\u00f3 de les bobines de tub:<\/strong><\/span>[\/vc_column_text][\/vc_column][vc_column width=&#8221;3\/4&#8243;]<div class=\"eut-element eut-image eut-align-left\" style=\"\"><div class=\"eut-image-wrapper eut-popup-item\" style=\"max-width:2000px;\"><div class=\"eut-thumbnail-wrapper\"  style=\"max-width: 2000px;\"><div class=\"eut-thumbnail\"  style=\"padding-top: 62.85%;\"><img loading=\"lazy\" decoding=\"async\" width=\"2000\" height=\"1257\" src=\"https:\/\/mace.es\/mace26\/mace23\/wp-content\/uploads\/2023\/02\/esquema_desktop.jpg\" class=\"attachment-full size-full\" alt=\"\" data-eutf-filter=\"yes\" srcset=\"https:\/\/mace.es\/mace26\/mace23\/wp-content\/uploads\/2023\/02\/esquema_desktop.jpg 2000w, https:\/\/mace.es\/mace26\/mace23\/wp-content\/uploads\/2023\/02\/esquema_desktop-300x189.jpg 300w, https:\/\/mace.es\/mace26\/mace23\/wp-content\/uploads\/2023\/02\/esquema_desktop-1024x644.jpg 1024w, https:\/\/mace.es\/mace26\/mace23\/wp-content\/uploads\/2023\/02\/esquema_desktop-768x483.jpg 768w, https:\/\/mace.es\/mace26\/mace23\/wp-content\/uploads\/2023\/02\/esquema_desktop-1536x965.jpg 1536w, https:\/\/mace.es\/mace26\/mace23\/wp-content\/uploads\/2023\/02\/esquema_desktop-1920x1207.jpg 1920w\" sizes=\"auto, (max-width: 2000px) 100vw, 2000px\" \/><\/div><\/div>  <\/div><\/div>[\/vc_column][\/vc_row][vc_row padding_bottom_multiplier=&#8221;2x&#8221; desktop_visibility=&#8221;hide&#8221; tablet_visibility=&#8221;hide&#8221; tablet_sm_visibility=&#8221;hide&#8221;][vc_column width=&#8221;1\/4&#8243; column_effect=&#8221;vertical-parallax&#8221; column_effect_invert=&#8221;true&#8221;][vc_column_text]<span style=\"color: #0071b8;\"><strong>Organigrama proc\u00e9s<\/strong><\/span><br \/>\n<span style=\"color: #0071b8;\"><strong>de verificaci\u00f3 de les bobines de tub:<\/strong><\/span>[\/vc_column_text][\/vc_column][vc_column width=&#8221;3\/4&#8243;]<div class=\"eut-element eut-image eut-align-left\" style=\"\"><div class=\"eut-image-wrapper eut-popup-item\" style=\"max-width:1514px;\"><div class=\"eut-thumbnail-wrapper\"  style=\"max-width: 1514px;\"><div class=\"eut-thumbnail\"  style=\"padding-top: 128.071%;\"><img loading=\"lazy\" decoding=\"async\" width=\"1514\" height=\"1939\" src=\"https:\/\/mace.es\/mace26\/mace23\/wp-content\/uploads\/2023\/02\/esquema_mobil.jpg\" class=\"attachment-full size-full\" alt=\"\" data-eutf-filter=\"yes\" srcset=\"https:\/\/mace.es\/mace26\/mace23\/wp-content\/uploads\/2023\/02\/esquema_mobil.jpg 1514w, https:\/\/mace.es\/mace26\/mace23\/wp-content\/uploads\/2023\/02\/esquema_mobil-234x300.jpg 234w, https:\/\/mace.es\/mace26\/mace23\/wp-content\/uploads\/2023\/02\/esquema_mobil-800x1024.jpg 800w, https:\/\/mace.es\/mace26\/mace23\/wp-content\/uploads\/2023\/02\/esquema_mobil-768x984.jpg 768w, https:\/\/mace.es\/mace26\/mace23\/wp-content\/uploads\/2023\/02\/esquema_mobil-1199x1536.jpg 1199w, https:\/\/mace.es\/mace26\/mace23\/wp-content\/uploads\/2023\/02\/esquema_mobil-1499x1920.jpg 1499w\" sizes=\"auto, (max-width: 1514px) 100vw, 1514px\" \/><\/div><\/div>  <\/div><\/div>[\/vc_column][\/vc_row][vc_row padding_top_multiplier=&#8221;2x&#8221; padding_bottom_multiplier=&#8221;&#8221;][vc_column]<h1 class=\"eut-element eut-title eut-align-inherit eut-h3\" style=\"\"><span>Qualitat d&#8217;Origen<\/span><\/h1><div class=\"eut-element eut-divider\" style=\"padding-bottom: 30px;\"><span class=\"eut-custom-divider eut-bg-custom eut-align-inherit\" style=\"width: 100%;height: 2px; background-color: #0071b8;\"><\/span><\/div>[\/vc_column][\/vc_row][vc_row][vc_column width=&#8221;1\/2&#8243; vertical_content_position=&#8221;middle&#8221;][vc_column_text]Tota la mat\u00e8ria prima utilitzada prov\u00e9 de prove\u00efdors occidentals (UE) seguint totes les normatives i homologacions requerides.[\/vc_column_text][\/vc_column][vc_column width=&#8221;1\/2&#8243; text_align=&#8221;center&#8221;]<div class=\"eut-element eut-image eut-align-inherit\" style=\"\"><div class=\"eut-image-wrapper eut-popup-item\" style=\"max-width:412px;\"><div class=\"eut-thumbnail-wrapper\"  style=\"max-width: 412px;\"><div class=\"eut-thumbnail\"  style=\"padding-top: 52.67%;\"><img loading=\"lazy\" decoding=\"async\" width=\"412\" height=\"217\" src=\"https:\/\/mace.es\/mace26\/mace23\/wp-content\/uploads\/2022\/11\/imatge4_1.jpg\" class=\"attachment-full size-full\" alt=\"\" data-eutf-filter=\"yes\" srcset=\"https:\/\/mace.es\/mace26\/mace23\/wp-content\/uploads\/2022\/11\/imatge4_1.jpg 412w, https:\/\/mace.es\/mace26\/mace23\/wp-content\/uploads\/2022\/11\/imatge4_1-300x158.jpg 300w\" sizes=\"auto, (max-width: 412px) 100vw, 412px\" \/><\/div><\/div>  <\/div><\/div>[\/vc_column][\/vc_row][vc_row padding_top_multiplier=&#8221;2x&#8221; padding_bottom_multiplier=&#8221;&#8221;][vc_column]<h1 class=\"eut-element eut-title eut-align-inherit eut-h3\" style=\"\"><span>Qualitat de Producte<\/span><\/h1><div class=\"eut-element eut-divider\" style=\"padding-bottom: 30px;\"><span class=\"eut-custom-divider eut-bg-custom eut-align-inherit\" style=\"width: 100%;height: 2px; background-color: #0071b8;\"><\/span><\/div>[\/vc_column][\/vc_row][vc_row padding_bottom_multiplier=&#8221;2x&#8221;][vc_column width=&#8221;1\/3&#8243; text_align=&#8221;center&#8221;]<div class=\"eut-element eut-image eut-align-inherit\" style=\"\"><div class=\"eut-image-wrapper eut-popup-item\" style=\"max-width:236px;\"><div class=\"eut-thumbnail-wrapper\"  style=\"max-width: 236px;\"><div class=\"eut-thumbnail\"  style=\"padding-top: 145.763%;\"><img loading=\"lazy\" decoding=\"async\" width=\"236\" height=\"344\" src=\"https:\/\/mace.es\/mace26\/mace23\/wp-content\/uploads\/2022\/11\/1FCBAC8B-1FAC-4AF0-93C5-D756D73B0ECB.jpeg\" class=\"attachment-full size-full\" alt=\"\" data-eutf-filter=\"yes\" srcset=\"https:\/\/mace.es\/mace26\/mace23\/wp-content\/uploads\/2022\/11\/1FCBAC8B-1FAC-4AF0-93C5-D756D73B0ECB.jpeg 236w, https:\/\/mace.es\/mace26\/mace23\/wp-content\/uploads\/2022\/11\/1FCBAC8B-1FAC-4AF0-93C5-D756D73B0ECB-206x300.jpeg 206w\" sizes=\"auto, (max-width: 236px) 100vw, 236px\" \/><\/div><\/div>  <\/div><\/div>[\/vc_column][vc_column width=&#8221;1\/3&#8243;][vc_column_text]<strong><span style=\"color: #0071b8;\">Gracies a la forjada experi\u00e8ncia assolida en els treballs de mecanitzat<\/span><\/strong>, reparacions i manteniment de tot tipus de maquinaria, ja sigui pel sector del vidre, cautx\u00fa, automoci\u00f3 i tub, hem aconseguit un nivell de coneixement i sofisticaci\u00f3 que s\u2019ha tradu\u00eft <strong><span style=\"color: #0071b8;\">en la fabricaci\u00f3 de la pr\u00f2pia maquinaria que s\u2019utilitza per la producci\u00f3 del nostre tub<\/span><\/strong>.<\/p>\n<p>Actualment MACE disposa de varies <span style=\"color: #0071b8;\"><strong>l\u00ednies de fabricaci\u00f3 automatitzada<\/strong><\/span> garantint les peticions de suministre dels nostres clients.[\/vc_column_text][\/vc_column][vc_column width=&#8221;1\/3&#8243;][vc_column_text]<span style=\"font-family: inherit; font-size: inherit; font-style: inherit; font-variant-caps: inherit;\">En paral\u00b7lel a la secci\u00f3 de producci\u00f3 de tub, MACE tamb\u00e9 disposa d\u2019una secci\u00f3 d\u2019aprenentatge i desenvolupament per tal d\u2019entendre el comportament del tub i la correcta manipulaci\u00f3 dels serpentins. Amb aquest <span style=\"color: #0071b8;\"><strong>aprenentatge constant<\/strong><\/span> \u00e9s vol oferir als nostres clients una eina de suport i de retroalimentaci\u00f3 pel que fa a la manipulaci\u00f3 del tub.<\/span><\/p>\n<p>Per una altra banda <strong><span style=\"color: #0071b8;\">MACE disposa de seccions de mecanitzat i manteniment pr\u00f2pies<\/span><\/strong> amb personal altament qualificat. Aix\u00f2 ens aporta una r\u00e0pida posada en funcionament de <span style=\"color: #0071b8;\"><strong>les noves millores<\/strong><\/span> en el nostre proc\u00e9s productiu i dels nostres clients, traduint-se en una <strong><span style=\"color: #0071b8;\">millora continua de la qualitat del producte<\/span><\/strong>, el que ens permet tenir el control des de la fase de disseny fins la fase final de la m\u00e0quina o \u00fatil acabat.[\/vc_column_text][\/vc_column][\/vc_row]<\/p>\n","protected":false},"excerpt":{"rendered":"<p>[vc_row padding_top_multiplier=&#8221;&#8221; padding_bottom_multiplier=&#8221;&#8221; disable_element=&#8221;yes&#8221;][vc_column][\/vc_column][\/vc_row][vc_row padding_top_multiplier=&#8221;6x&#8221; padding_bottom_multiplier=&#8221;&#8221;][vc_column][\/vc_column][\/vc_row][vc_row][vc_column width=&#8221;1\/2&#8243;][vc_column_text]Qualitat: La totalitat (100%) de la producci\u00f3 que surt de m\u00e0quina est\u00e0 verificada amb els seg\u00fcents assaigs destructius i no destructius basats en les normatives especifiques.[\/vc_column_text][\/vc_column][vc_column width=&#8221;1\/2&#8243;][vc_column_text]Normativa: MACE verifica a 10-250 bar de pressi\u00f3 durant 15 minuts dins d&#8217;un tanc d&#8217;aigua, per tal d&#8217;analitzar que no hi hagi cap [&hellip;]<\/p>\n","protected":false},"author":1,"featured_media":0,"parent":0,"menu_order":0,"comment_status":"closed","ping_status":"closed","template":"","meta":{"footnotes":""},"class_list":["post-68","page","type-page","status-publish","hentry"],"_links":{"self":[{"href":"https:\/\/mace.es\/ca\/wp-json\/wp\/v2\/pages\/68","targetHints":{"allow":["GET"]}}],"collection":[{"href":"https:\/\/mace.es\/ca\/wp-json\/wp\/v2\/pages"}],"about":[{"href":"https:\/\/mace.es\/ca\/wp-json\/wp\/v2\/types\/page"}],"author":[{"embeddable":true,"href":"https:\/\/mace.es\/ca\/wp-json\/wp\/v2\/users\/1"}],"replies":[{"embeddable":true,"href":"https:\/\/mace.es\/ca\/wp-json\/wp\/v2\/comments?post=68"}],"version-history":[{"count":49,"href":"https:\/\/mace.es\/ca\/wp-json\/wp\/v2\/pages\/68\/revisions"}],"predecessor-version":[{"id":475,"href":"https:\/\/mace.es\/ca\/wp-json\/wp\/v2\/pages\/68\/revisions\/475"}],"wp:attachment":[{"href":"https:\/\/mace.es\/ca\/wp-json\/wp\/v2\/media?parent=68"}],"curies":[{"name":"wp","href":"https:\/\/api.w.org\/{rel}","templated":true}]}}