{"id":9,"date":"2022-11-08T10:53:36","date_gmt":"2022-11-08T10:53:36","guid":{"rendered":"https:\/\/mace.es\/mace26\/mace23\/?page_id=9"},"modified":"2023-02-23T14:44:52","modified_gmt":"2023-02-23T14:44:52","slug":"home","status":"publish","type":"page","link":"https:\/\/mace.es\/ca\/","title":{"rendered":"Producte"},"content":{"rendered":"<p>[vc_row padding_top_multiplier=&#8221;&#8221; padding_bottom_multiplier=&#8221;&#8221;][vc_column]\n\t\t\t<!-- START Slider 1 1 REVOLUTION SLIDER 6.6.0 --><p class=\"rs-p-wp-fix\"><\/p>\n\t\t\t<rs-module-wrap id=\"rev_slider_2_1_wrapper\" data-source=\"gallery\" style=\"visibility:hidden;background:transparent;padding:0;margin:0px auto;margin-top:0;margin-bottom:0;\">\n\t\t\t\t<rs-module id=\"rev_slider_2_1\" style=\"\" data-version=\"6.6.0\">\n\t\t\t\t\t<rs-slides style=\"overflow: hidden; position: absolute;\">\n\t\t\t\t\t\t<rs-slide style=\"position: absolute;\" data-key=\"rs-2\" data-title=\"Slide\" data-in=\"o:0;\" data-out=\"a:false;\">\n\t\t\t\t\t\t\t<img decoding=\"async\" src=\"\/\/mace.es\/mace26\/mace23\/wp-content\/plugins\/revslider\/public\/assets\/assets\/dummy.png\" alt=\"Slide\" title=\"rotllo_ok_portada\" width=\"1000\" height=\"1150\" class=\"rev-slidebg tp-rs-img rs-lazyload\" data-lazyload=\"\/\/mace.es\/mace26\/mace23\/wp-content\/plugins\/revslider\/public\/assets\/assets\/transparent.png\" data-bg=\"c:#e5e5e5;\" data-no-retina>\n<!--\n\t\t\t\t\t\t\t--><rs-layer\n\t\t\t\t\t\t\t\tid=\"slider-2-slide-2-layer-0\" \n\t\t\t\t\t\t\t\tdata-type=\"text\"\n\t\t\t\t\t\t\t\tdata-color=\"#34aadc\"\n\t\t\t\t\t\t\t\tdata-rsp_ch=\"on\"\n\t\t\t\t\t\t\t\tdata-xy=\"x:681px;y:360px;\"\n\t\t\t\t\t\t\t\tdata-text=\"w:normal;s:69;l:69;fw:300;\"\n\t\t\t\t\t\t\t\tdata-frame_999=\"o:0;st:w;\"\n\t\t\t\t\t\t\t\tstyle=\"z-index:8;font-family:'Open Sans';\"\n\t\t\t\t\t\t\t>BEVERAGE,<br \/>\nSANITARY <br \/>\n& HVAC <br \/>\nAPPLICATIONS \n\t\t\t\t\t\t\t<\/rs-layer><!--\n\n\t\t\t\t\t\t\t--><rs-layer\n\t\t\t\t\t\t\t\tid=\"slider-2-slide-2-layer-4\" \n\t\t\t\t\t\t\t\tdata-type=\"image\"\n\t\t\t\t\t\t\t\tdata-rsp_ch=\"on\"\n\t\t\t\t\t\t\t\tdata-xy=\"x:1px;y:126px;\"\n\t\t\t\t\t\t\t\tdata-text=\"w:normal;\"\n\t\t\t\t\t\t\t\tdata-dim=\"w:672px;h:792px;\"\n\t\t\t\t\t\t\t\tdata-frame_999=\"o:0;st:w;\"\n\t\t\t\t\t\t\t\tstyle=\"z-index:9;\"\n\t\t\t\t\t\t\t><img decoding=\"async\" src=\"\/\/mace.es\/mace26\/mace23\/wp-content\/plugins\/revslider\/public\/assets\/assets\/dummy.png\" alt=\"\" class=\"tp-rs-img rs-lazyload\" width=\"1000\" height=\"1179\" data-lazyload=\"\/\/mace.es\/mace26\/mace23\/wp-content\/uploads\/2022\/11\/rollo_acero_trans.png\" data-no-retina> \n\t\t\t\t\t\t\t<\/rs-layer><!--\n-->\t\t\t\t\t\t<\/rs-slide>\n\t\t\t\t\t<\/rs-slides>\n\t\t\t\t<\/rs-module>\n\t\t\t\t<script>\n\t\t\t\t\tsetREVStartSize({c: 'rev_slider_2_1',rl:[1240,1024,778,480],el:[900],gw:[1240],gh:[900],type:'standard',justify:'',layout:'fullwidth',mh:\"0\"});if (window.RS_MODULES!==undefined && window.RS_MODULES.modules!==undefined && window.RS_MODULES.modules[\"revslider21\"]!==undefined) {window.RS_MODULES.modules[\"revslider21\"].once = false;window.revapi2 = undefined;if (window.RS_MODULES.checkMinimal!==undefined) window.RS_MODULES.checkMinimal()}\n\t\t\t\t<\/script>\n\t\t\t<\/rs-module-wrap>\n\t\t\t<!-- END REVOLUTION SLIDER -->\n[\/vc_column][\/vc_row][vc_row padding_top_multiplier=&#8221;2x&#8221;][vc_column width=&#8221;1\/2&#8243;]<div class=\"eut-element eut-divider\" style=\"padding-bottom: 30px;\"><span class=\"eut-custom-divider eut-bg-custom eut-align-inherit\" style=\"width: 50px;height: 3px; background-color: #0071b8;\"><\/span><\/div><h1 class=\"eut-element eut-title eut-align-inherit eut-h3\" style=\"\"><span>Taula de Gama:<\/span><\/h1>[vc_column_text]En la seg\u00fcent taula resum poden veure les mides est\u00e0ndard de producci\u00f3:<\/p>\n<p>Garantia de la mat\u00e8ria prima, de primera qualitat:<br \/>\n<span style=\"color: #0071b8;\"><strong>\u2022 AISI 304L (DIN 1.4307)<\/strong><\/span><br \/>\n<span style=\"color: #0071b8;\"><strong>\u2022 AISI 316L (DIN 1.4404)<\/strong><\/span><\/p>\n<p>Nota: sota petici\u00f3 del client \u00e9s poden realitzar altres aleacions, mides i espessors.[\/vc_column_text][\/vc_column][vc_column width=&#8221;1\/2&#8243;]<div class=\"eut-element eut-image eut-align-inherit\" style=\"\"><div class=\"eut-image-wrapper eut-popup-item\" style=\"max-width:425px;\"><div class=\"eut-thumbnail-wrapper\"  style=\"max-width: 425px;\"><div class=\"eut-thumbnail\"  style=\"padding-top: 177.176%;\"><img loading=\"lazy\" decoding=\"async\" width=\"425\" height=\"753\" src=\"https:\/\/mace.es\/mace26\/mace23\/wp-content\/uploads\/2022\/11\/imatge2_1.jpg\" class=\"attachment-full size-full\" alt=\"\" data-eutf-filter=\"yes\" srcset=\"https:\/\/mace.es\/mace26\/mace23\/wp-content\/uploads\/2022\/11\/imatge2_1.jpg 425w, https:\/\/mace.es\/mace26\/mace23\/wp-content\/uploads\/2022\/11\/imatge2_1-169x300.jpg 169w\" sizes=\"auto, (max-width: 425px) 100vw, 425px\" \/><\/div><\/div>  <\/div><\/div>[\/vc_column][\/vc_row][vc_row padding_top_multiplier=&#8221;2x&#8221; padding_bottom_multiplier=&#8221;2x&#8221;][vc_column width=&#8221;1\/2&#8243; column_effect=&#8221;vertical-parallax&#8221; column_effect_invert=&#8221;true&#8221;]<div class=\"eut-element eut-image eut-align-inherit eut-image-space-100 eut-image-expand-width\" style=\"\"><div class=\"eut-image-wrapper eut-popup-item\"><div class=\"eut-thumbnail-wrapper\"><div class=\"eut-thumbnail\"  style=\"padding-top: 116.2%;\"><img loading=\"lazy\" decoding=\"async\" width=\"1000\" height=\"1162\" src=\"https:\/\/mace.es\/mace26\/mace23\/wp-content\/uploads\/2022\/11\/serpentin_op_2.jpg\" class=\"attachment-full size-full\" alt=\"\" data-eutf-filter=\"yes\" srcset=\"https:\/\/mace.es\/mace26\/mace23\/wp-content\/uploads\/2022\/11\/serpentin_op_2.jpg 1000w, https:\/\/mace.es\/mace26\/mace23\/wp-content\/uploads\/2022\/11\/serpentin_op_2-258x300.jpg 258w, https:\/\/mace.es\/mace26\/mace23\/wp-content\/uploads\/2022\/11\/serpentin_op_2-881x1024.jpg 881w, https:\/\/mace.es\/mace26\/mace23\/wp-content\/uploads\/2022\/11\/serpentin_op_2-768x892.jpg 768w\" sizes=\"auto, (max-width: 1000px) 100vw, 1000px\" \/><\/div><\/div>  <\/div><\/div>[\/vc_column][vc_column width=&#8221;1\/2&#8243; column_effect=&#8221;vertical-parallax&#8221; column_effect_invert=&#8221;true&#8221;]<div class=\"eut-element eut-divider\" style=\"padding-bottom: 30px;\"><span class=\"eut-custom-divider eut-bg-custom eut-align-inherit\" style=\"width: 50px;height: 3px; background-color: #0071b8;\"><\/span><\/div><h1 class=\"eut-element eut-title eut-align-inherit eut-h3\" style=\"\"><span>Serpentins i \u00fatils d\u2019acabats:<\/span><\/h1>[vc_column_text]MACE tamb\u00e9 ofereix el servei de producci\u00f3 de serpentins de tots els models (serpentins rodons, quadrats, el\u00b7l\u00edptics, rectangulars, trams rectes, etc), \u00e9s un servei que s\u2019ofereix al client per tal d\u2019ajudar-lo a assolir la producci\u00f3 que en un moment donat no pugui fer, degut a que la seva capacitat productiva es vegi afectada per avaries, manteniments o exc\u00e9s de producci\u00f3.<\/p>\n<p>El procediment seguit en aquestes situacions \u00e9s el seg\u00fcent:<br \/>\n\u2022 El client ens subministra el pl\u00e0nol i detalls d\u2019acabat i muntatge.<br \/>\n\u2022 Realitzem un prototip per tal que el client el verifiqui.<br \/>\n\u2022 Un cop rebut el vist i plau del client, procedim a la seva producci\u00f3 amb la m\u00e0xima professionalitat i rapidesa per tal de complir amb els terminis d\u2019aprovisionament pactats amb el client.<\/p>\n<p>En la mateixa l\u00ednea de servei que s\u2019ofereix pels serpentins, Mace ofereix la possibilitat als seus clients d\u2019adquirir els diversos \u00fatils que hem dissenyat per fer els acabats dels serpentins (connexions rapides, expansionats, refrentats,&#8230;) Tamb\u00e9 ofereix la possibilitat d\u2019adquirir aquests \u00fatils integrats en una sola unitat de treball, per tal que el client disposi de les eines m\u00e9s adequades per procedir als acabats dels serpentins, en el menor espais possible.[\/vc_column_text][\/vc_column][\/vc_row][vc_row padding_bottom_multiplier=&#8221;2x&#8221;][vc_column width=&#8221;1\/2&#8243; column_effect=&#8221;vertical-parallax&#8221; column_effect_invert=&#8221;true&#8221;]<div class=\"eut-element eut-divider\" style=\"padding-bottom: 30px;\"><span class=\"eut-custom-divider eut-bg-custom eut-align-inherit\" style=\"width: 50px;height: 3px; background-color: #0071b8;\"><\/span><\/div><h1 class=\"eut-element eut-title eut-align-inherit eut-h3\" style=\"\"><span>Definici\u00f3 Producte:<\/span><\/h1>[vc_column_text]<span style=\"color: #0071b8;\"><strong>Tub d\u2019acer inoxidable recuit en linea,<\/strong><\/span><br \/>\nbrillant i en bobina, obtingut a trav\u00e9s d\u2019un tractament constant a 1100 \u00baC en cambra controlada.<\/p>\n<p><span style=\"color: #0071b8;\"><strong>Marcatge cada 3 metres. Exemple:<\/strong><\/span><br \/>\n[MACE SL 15\/11\/22 AISI 304 REC 8\u00d70,5 O.T. 2587 UNE-EN 10217-7 P6]<br \/>\nNota: sota petici\u00f3 del client es poden fer altres tipus de marcatges.<\/p>\n<p><strong><span style=\"color: #0071b8;\">Proc\u00e9s de producci\u00f3:<\/span><br \/>\n<\/strong>Soldadura TIG i tractament constant a 1100 \u00ba C en cambra controlada (hipertremp); en aquest proc\u00e9s nom\u00e9s utilitzem gasos inerts per treure\u2019n els agents corrosius tant de l\u2019interior com de l\u2019exterior del tub, per tal d\u2019evitar qualsevol tipus de corrosi\u00f3 durant el proc\u00e9s d\u2019estabilitzaci\u00f3 qu\u00edmica-estructural de l\u2019acer inoxidable.<\/p>\n<p>Mitjan\u00e7ant aquesta t\u00e8cnica, desenvolupada per nosaltres fa mes de 15 anys, <span style=\"color: #0071b8;\"><strong>sent pioners en el sector<\/strong><\/span>, s\u2019obt\u00e8 la <span style=\"color: #0071b8;\"><strong>passivaci\u00f3 natural de l\u2019acer inoxidable<\/strong><\/span>, restablint el material al seu estat original pel que fa a la seva capacitat anticorrosiva <span style=\"color: #0071b8;\"><strong>sense haver d\u2019utilitzar cap tipus d\u2019additius qu\u00edmics perillosos<\/strong><\/span> per a la salut i el medi ambient.[\/vc_column_text][\/vc_column][vc_column width=&#8221;1\/2&#8243; column_effect=&#8221;vertical-parallax&#8221; column_effect_invert=&#8221;true&#8221;]<div class=\"eut-element eut-image eut-align-inherit eut-image-space-100 eut-image-expand-width\" style=\"\"><div class=\"eut-image-wrapper eut-popup-item\"><div class=\"eut-thumbnail-wrapper\"><div class=\"eut-thumbnail\"  style=\"padding-top: 103.2%;\"><img loading=\"lazy\" decoding=\"async\" width=\"1000\" height=\"1032\" src=\"https:\/\/mace.es\/mace26\/mace23\/wp-content\/uploads\/2022\/11\/serpentin_op_3.jpg\" class=\"attachment-full size-full\" alt=\"\" data-eutf-filter=\"yes\" srcset=\"https:\/\/mace.es\/mace26\/mace23\/wp-content\/uploads\/2022\/11\/serpentin_op_3.jpg 1000w, https:\/\/mace.es\/mace26\/mace23\/wp-content\/uploads\/2022\/11\/serpentin_op_3-291x300.jpg 291w, https:\/\/mace.es\/mace26\/mace23\/wp-content\/uploads\/2022\/11\/serpentin_op_3-992x1024.jpg 992w, https:\/\/mace.es\/mace26\/mace23\/wp-content\/uploads\/2022\/11\/serpentin_op_3-768x793.jpg 768w\" sizes=\"auto, (max-width: 1000px) 100vw, 1000px\" \/><\/div><\/div>  <\/div><\/div>[\/vc_column][\/vc_row]<\/p>\n","protected":false},"excerpt":{"rendered":"<p>[vc_row padding_top_multiplier=&#8221;&#8221; padding_bottom_multiplier=&#8221;&#8221;][vc_column][\/vc_column][\/vc_row][vc_row padding_top_multiplier=&#8221;2x&#8221;][vc_column width=&#8221;1\/2&#8243;][vc_column_text]En la seg\u00fcent taula resum poden veure les mides est\u00e0ndard de producci\u00f3: Garantia de la mat\u00e8ria prima, de primera qualitat: \u2022 AISI 304L (DIN 1.4307) \u2022 AISI 316L (DIN 1.4404) Nota: sota petici\u00f3 del client \u00e9s poden realitzar altres aleacions, mides i espessors.[\/vc_column_text][\/vc_column][vc_column width=&#8221;1\/2&#8243;][\/vc_column][\/vc_row][vc_row padding_top_multiplier=&#8221;2x&#8221; padding_bottom_multiplier=&#8221;2x&#8221;][vc_column width=&#8221;1\/2&#8243; column_effect=&#8221;vertical-parallax&#8221; column_effect_invert=&#8221;true&#8221;][\/vc_column][vc_column width=&#8221;1\/2&#8243; column_effect=&#8221;vertical-parallax&#8221; [&hellip;]<\/p>\n","protected":false},"author":1,"featured_media":0,"parent":0,"menu_order":0,"comment_status":"closed","ping_status":"closed","template":"","meta":{"footnotes":""},"class_list":["post-9","page","type-page","status-publish","hentry"],"_links":{"self":[{"href":"https:\/\/mace.es\/ca\/wp-json\/wp\/v2\/pages\/9","targetHints":{"allow":["GET"]}}],"collection":[{"href":"https:\/\/mace.es\/ca\/wp-json\/wp\/v2\/pages"}],"about":[{"href":"https:\/\/mace.es\/ca\/wp-json\/wp\/v2\/types\/page"}],"author":[{"embeddable":true,"href":"https:\/\/mace.es\/ca\/wp-json\/wp\/v2\/users\/1"}],"replies":[{"embeddable":true,"href":"https:\/\/mace.es\/ca\/wp-json\/wp\/v2\/comments?post=9"}],"version-history":[{"count":50,"href":"https:\/\/mace.es\/ca\/wp-json\/wp\/v2\/pages\/9\/revisions"}],"predecessor-version":[{"id":468,"href":"https:\/\/mace.es\/ca\/wp-json\/wp\/v2\/pages\/9\/revisions\/468"}],"wp:attachment":[{"href":"https:\/\/mace.es\/ca\/wp-json\/wp\/v2\/media?parent=9"}],"curies":[{"name":"wp","href":"https:\/\/api.w.org\/{rel}","templated":true}]}}