{"id":263,"date":"2022-11-08T10:53:36","date_gmt":"2022-11-08T10:53:36","guid":{"rendered":"https:\/\/mace.es\/mace26\/mace23\/producto\/"},"modified":"2023-02-23T14:48:09","modified_gmt":"2023-02-23T14:48:09","slug":"producto","status":"publish","type":"page","link":"https:\/\/mace.es\/es\/","title":{"rendered":"Producto"},"content":{"rendered":"<p>[vc_row padding_top_multiplier=\u00bb\u00bb padding_bottom_multiplier=\u00bb\u00bb][vc_column]\n\t\t\t<!-- START Slider 1 1 REVOLUTION SLIDER 6.6.0 --><p class=\"rs-p-wp-fix\"><\/p>\n\t\t\t<rs-module-wrap id=\"rev_slider_2_1_wrapper\" data-source=\"gallery\" style=\"visibility:hidden;background:transparent;padding:0;margin:0px auto;margin-top:0;margin-bottom:0;\">\n\t\t\t\t<rs-module id=\"rev_slider_2_1\" style=\"\" data-version=\"6.6.0\">\n\t\t\t\t\t<rs-slides style=\"overflow: hidden; position: absolute;\">\n\t\t\t\t\t\t<rs-slide style=\"position: absolute;\" data-key=\"rs-2\" data-title=\"Slide\" data-in=\"o:0;\" data-out=\"a:false;\">\n\t\t\t\t\t\t\t<img decoding=\"async\" src=\"\/\/mace.es\/mace26\/mace23\/wp-content\/plugins\/revslider\/public\/assets\/assets\/dummy.png\" alt=\"Slide\" title=\"rotllo_ok_portada\" width=\"1000\" height=\"1150\" class=\"rev-slidebg tp-rs-img rs-lazyload\" data-lazyload=\"\/\/mace.es\/mace26\/mace23\/wp-content\/plugins\/revslider\/public\/assets\/assets\/transparent.png\" data-bg=\"c:#e5e5e5;\" data-no-retina>\n<!--\n\t\t\t\t\t\t\t--><rs-layer\n\t\t\t\t\t\t\t\tid=\"slider-2-slide-2-layer-0\" \n\t\t\t\t\t\t\t\tdata-type=\"text\"\n\t\t\t\t\t\t\t\tdata-color=\"#34aadc\"\n\t\t\t\t\t\t\t\tdata-rsp_ch=\"on\"\n\t\t\t\t\t\t\t\tdata-xy=\"x:681px;y:360px;\"\n\t\t\t\t\t\t\t\tdata-text=\"w:normal;s:69;l:69;fw:300;\"\n\t\t\t\t\t\t\t\tdata-frame_999=\"o:0;st:w;\"\n\t\t\t\t\t\t\t\tstyle=\"z-index:8;font-family:'Open Sans';\"\n\t\t\t\t\t\t\t>BEVERAGE,<br \/>\nSANITARY <br \/>\n& HVAC <br \/>\nAPPLICATIONS \n\t\t\t\t\t\t\t<\/rs-layer><!--\n\n\t\t\t\t\t\t\t--><rs-layer\n\t\t\t\t\t\t\t\tid=\"slider-2-slide-2-layer-4\" \n\t\t\t\t\t\t\t\tdata-type=\"image\"\n\t\t\t\t\t\t\t\tdata-rsp_ch=\"on\"\n\t\t\t\t\t\t\t\tdata-xy=\"x:1px;y:126px;\"\n\t\t\t\t\t\t\t\tdata-text=\"w:normal;\"\n\t\t\t\t\t\t\t\tdata-dim=\"w:672px;h:792px;\"\n\t\t\t\t\t\t\t\tdata-frame_999=\"o:0;st:w;\"\n\t\t\t\t\t\t\t\tstyle=\"z-index:9;\"\n\t\t\t\t\t\t\t><img decoding=\"async\" src=\"\/\/mace.es\/mace26\/mace23\/wp-content\/plugins\/revslider\/public\/assets\/assets\/dummy.png\" alt=\"\" class=\"tp-rs-img rs-lazyload\" width=\"1000\" height=\"1179\" data-lazyload=\"\/\/mace.es\/mace26\/mace23\/wp-content\/uploads\/2022\/11\/rollo_acero_trans.png\" data-no-retina> \n\t\t\t\t\t\t\t<\/rs-layer><!--\n-->\t\t\t\t\t\t<\/rs-slide>\n\t\t\t\t\t<\/rs-slides>\n\t\t\t\t<\/rs-module>\n\t\t\t\t<script>\n\t\t\t\t\tsetREVStartSize({c: 'rev_slider_2_1',rl:[1240,1024,778,480],el:[900],gw:[1240],gh:[900],type:'standard',justify:'',layout:'fullwidth',mh:\"0\"});if (window.RS_MODULES!==undefined && window.RS_MODULES.modules!==undefined && window.RS_MODULES.modules[\"revslider21\"]!==undefined) {window.RS_MODULES.modules[\"revslider21\"].once = false;window.revapi2 = undefined;if (window.RS_MODULES.checkMinimal!==undefined) window.RS_MODULES.checkMinimal()}\n\t\t\t\t<\/script>\n\t\t\t<\/rs-module-wrap>\n\t\t\t<!-- END REVOLUTION SLIDER -->\n[\/vc_column][\/vc_row][vc_row padding_top_multiplier=\u00bb2x\u00bb][vc_column width=\u00bb1\/2&#8243;]<div class=\"eut-element eut-divider\" style=\"padding-bottom: 30px;\"><span class=\"eut-custom-divider eut-bg-custom eut-align-inherit\" style=\"width: 50px;height: 3px; background-color: #0071b8;\"><\/span><\/div><h1 class=\"eut-element eut-title eut-align-inherit eut-h3\" style=\"\"><span>Tabla de gama:<\/span><\/h1>[vc_column_text]En la siguiente tabla se pueden ver las medidas est\u00e1ndar de producci\u00f3n:<\/p>\n<p>Garant\u00eda de la materia prima, de primera calidad:<br \/>\n<span style=\"color: #0071b8;\"><strong>\u2022 AISI 304L (DIN 1.4307)<\/strong><\/span><br \/>\n<span style=\"color: #0071b8;\"><strong>\u2022 AISI 316L (DIN 1.4404)<\/strong><\/span><\/p>\n<p>Nota: bajo petici\u00f3n del cliente se pueden realizar otras aleaciones, medidas y espesores.[\/vc_column_text][\/vc_column][vc_column width=\u00bb1\/2&#8243;]<div class=\"eut-element eut-image eut-align-inherit\" style=\"\"><div class=\"eut-image-wrapper eut-popup-item\" style=\"max-width:425px;\"><div class=\"eut-thumbnail-wrapper\"  style=\"max-width: 425px;\"><div class=\"eut-thumbnail\"  style=\"padding-top: 177.176%;\"><img loading=\"lazy\" decoding=\"async\" width=\"425\" height=\"753\" src=\"https:\/\/mace.es\/mace26\/mace23\/wp-content\/uploads\/2022\/11\/imatge2_1.jpg\" class=\"attachment-full size-full\" alt=\"\" data-eutf-filter=\"yes\" srcset=\"https:\/\/mace.es\/mace26\/mace23\/wp-content\/uploads\/2022\/11\/imatge2_1.jpg 425w, https:\/\/mace.es\/mace26\/mace23\/wp-content\/uploads\/2022\/11\/imatge2_1-169x300.jpg 169w\" sizes=\"auto, (max-width: 425px) 100vw, 425px\" \/><\/div><\/div>  <\/div><\/div>[\/vc_column][\/vc_row][vc_row padding_top_multiplier=\u00bb2x\u00bb padding_bottom_multiplier=\u00bb2x\u00bb][vc_column width=\u00bb1\/2&#8243; column_effect=\u00bbvertical-parallax\u00bb column_effect_invert=\u00bbtrue\u00bb]<div class=\"eut-element eut-image eut-align-inherit eut-image-space-100 eut-image-expand-width\" style=\"\"><div class=\"eut-image-wrapper eut-popup-item\"><div class=\"eut-thumbnail-wrapper\"><div class=\"eut-thumbnail\"  style=\"padding-top: 116.2%;\"><img loading=\"lazy\" decoding=\"async\" width=\"1000\" height=\"1162\" src=\"https:\/\/mace.es\/mace26\/mace23\/wp-content\/uploads\/2022\/11\/serpentin_op_2.jpg\" class=\"attachment-full size-full\" alt=\"\" data-eutf-filter=\"yes\" srcset=\"https:\/\/mace.es\/mace26\/mace23\/wp-content\/uploads\/2022\/11\/serpentin_op_2.jpg 1000w, https:\/\/mace.es\/mace26\/mace23\/wp-content\/uploads\/2022\/11\/serpentin_op_2-258x300.jpg 258w, https:\/\/mace.es\/mace26\/mace23\/wp-content\/uploads\/2022\/11\/serpentin_op_2-881x1024.jpg 881w, https:\/\/mace.es\/mace26\/mace23\/wp-content\/uploads\/2022\/11\/serpentin_op_2-768x892.jpg 768w\" sizes=\"auto, (max-width: 1000px) 100vw, 1000px\" \/><\/div><\/div>  <\/div><\/div>[\/vc_column][vc_column width=\u00bb1\/2&#8243; column_effect=\u00bbvertical-parallax\u00bb column_effect_invert=\u00bbtrue\u00bb]<div class=\"eut-element eut-divider\" style=\"padding-bottom: 30px;\"><span class=\"eut-custom-divider eut-bg-custom eut-align-inherit\" style=\"width: 50px;height: 3px; background-color: #0071b8;\"><\/span><\/div><h1 class=\"eut-element eut-title eut-align-inherit eut-h3\" style=\"\"><span>Serpentines y \u00fatiles de acabados:<\/span><\/h1>[vc_column_text]MACE tambi\u00e9n ofrece el servicio de producci\u00f3n de serpentines de todos los modelos (serpentines redondos, cuadrados, el\u00edpticos, rectangulares, etc), es un servicio que ofrecemos a nuestros clientes como complemento a sus l\u00edneas de producci\u00f3n en caso que \u00e9stas vean su capacidad afectada por aver\u00edas, mantenimiento o sobre demanda.<\/p>\n<p>El procedimiento que se sigue en esta situaci\u00f3n es el siguiente:<br \/>\n\u2022 El cliente nos suministra el plano y detalles de acabado y montaje.<br \/>\n\u2022 Realizamos un prototipo para que el cliente verifique el producto.<br \/>\n\u2022 Un vez recibida la aceptaci\u00f3n por parte del cliente, procedemos a la producci\u00f3n en serie con la m\u00e1xima profesionalidad y rapidez para cumplir los plazos de suministro acordados con el cliente.<\/p>\n<p>En la misma l\u00ednea de servicios que se ofrece para los serpentines, MACE ofrece la posibilidad a sus clientes de adquirir diversos \u00fatiles que hemos dise\u00f1ado para realizar las terminaciones de los serpentines (conexiones r\u00e1pidas, expansionados, refrentados, &#8230;) Tambi\u00e9n ofrecemos la posibilidad de adquirir estos \u00fatiles integrados en una sola unidad de trabajo, para que el cliente disponga de las herramientas adecuadas para realizar los acabados de los serpentines, en el menor espacio posible.[\/vc_column_text][\/vc_column][\/vc_row][vc_row padding_bottom_multiplier=\u00bb2x\u00bb][vc_column width=\u00bb1\/2&#8243; column_effect=\u00bbvertical-parallax\u00bb column_effect_invert=\u00bbtrue\u00bb]<div class=\"eut-element eut-divider\" style=\"padding-bottom: 30px;\"><span class=\"eut-custom-divider eut-bg-custom eut-align-inherit\" style=\"width: 50px;height: 3px; background-color: #0071b8;\"><\/span><\/div><h1 class=\"eut-element eut-title eut-align-inherit eut-h3\" style=\"\"><span>Definici\u00f3n Producto:<\/span><\/h1>[vc_column_text]<span style=\"color: #0071b8;\"><strong>Tubo de acero inoxidable recocido en l\u00ednea,<\/strong><\/span><br \/>\nbrillante y en bobina, obtenido mediante tratamiento constante a 1100\u00baC en c\u00e1mara controlada.<\/p>\n<p><span style=\"color: #0071b8;\"><strong>Marcaje cada 3 metros. Ejemplo:<\/strong><\/span><br \/>\n[MACE SL 15\/11\/22 AISI 304 REC 8\u00d70,5 O.T. 2587 UNE-EN 10217-7 P6]<br \/>\nNota: bajo petici\u00f3n del cliente se pueden realizar otro tipo de marcajes.<\/p>\n<p><strong><span style=\"color: #0071b8;\">Proceso de producci\u00f3n:<\/span><br \/>\n<\/strong>Soldadura TIG i tratamiento constaste a 1100\u00baC en c\u00e1mara controlada (hipertemple); en este proceso s\u00f3lo se utilizan gases inertes para extraer los agentes corrosivos tanto del interior como del exterior del tubo, para evitar cualquier tipo de corrosi\u00f3n durante el proceso de estabilizaci\u00f3n qu\u00edmico-estructural del acero inoxidable.<\/p>\n<p>Mediante esta t\u00e9cnica, desarrollada por nosotros hace m\u00e1s de 15 a\u00f1os, <span style=\"color: #0071b8;\"><strong>siendo pioneros en el sector<\/strong><\/span>, se obtiene la <span style=\"color: #0071b8;\"><strong>pasivaci\u00f3n natural del acero inoxidable<\/strong><\/span>, restableciendo el material a su estado original en cuanto a la resistencia corrosiva <span style=\"color: #0071b8;\"><strong>sin necesidad de utilizar aditivos qu\u00edmicos peligrosos<\/strong><\/span> para la salud y el medio ambiente.[\/vc_column_text][\/vc_column][vc_column width=\u00bb1\/2&#8243; column_effect=\u00bbvertical-parallax\u00bb column_effect_invert=\u00bbtrue\u00bb]<div class=\"eut-element eut-image eut-align-inherit eut-image-space-100 eut-image-expand-width\" style=\"\"><div class=\"eut-image-wrapper eut-popup-item\"><div class=\"eut-thumbnail-wrapper\"><div class=\"eut-thumbnail\"  style=\"padding-top: 103.2%;\"><img loading=\"lazy\" decoding=\"async\" width=\"1000\" height=\"1032\" src=\"https:\/\/mace.es\/mace26\/mace23\/wp-content\/uploads\/2022\/11\/serpentin_op_3.jpg\" class=\"attachment-full size-full\" alt=\"\" data-eutf-filter=\"yes\" srcset=\"https:\/\/mace.es\/mace26\/mace23\/wp-content\/uploads\/2022\/11\/serpentin_op_3.jpg 1000w, https:\/\/mace.es\/mace26\/mace23\/wp-content\/uploads\/2022\/11\/serpentin_op_3-291x300.jpg 291w, https:\/\/mace.es\/mace26\/mace23\/wp-content\/uploads\/2022\/11\/serpentin_op_3-992x1024.jpg 992w, https:\/\/mace.es\/mace26\/mace23\/wp-content\/uploads\/2022\/11\/serpentin_op_3-768x793.jpg 768w\" sizes=\"auto, (max-width: 1000px) 100vw, 1000px\" \/><\/div><\/div>  <\/div><\/div>[\/vc_column][\/vc_row]<\/p>\n","protected":false},"excerpt":{"rendered":"<p>[vc_row padding_top_multiplier=\u00bb\u00bb padding_bottom_multiplier=\u00bb\u00bb][vc_column][\/vc_column][\/vc_row][vc_row padding_top_multiplier=\u00bb2x\u00bb][vc_column width=\u00bb1\/2&#8243;][vc_column_text]En la siguiente tabla se pueden ver las medidas est\u00e1ndar de producci\u00f3n: Garant\u00eda de la materia prima, de primera calidad: \u2022 AISI 304L (DIN 1.4307) \u2022 AISI 316L (DIN 1.4404) Nota: bajo petici\u00f3n del cliente se pueden realizar otras aleaciones, medidas y espesores.[\/vc_column_text][\/vc_column][vc_column width=\u00bb1\/2&#8243;][\/vc_column][\/vc_row][vc_row padding_top_multiplier=\u00bb2x\u00bb padding_bottom_multiplier=\u00bb2x\u00bb][vc_column width=\u00bb1\/2&#8243; column_effect=\u00bbvertical-parallax\u00bb column_effect_invert=\u00bbtrue\u00bb][\/vc_column][vc_column width=\u00bb1\/2&#8243; column_effect=\u00bbvertical-parallax\u00bb [&hellip;]<\/p>\n","protected":false},"author":1,"featured_media":0,"parent":0,"menu_order":0,"comment_status":"closed","ping_status":"closed","template":"","meta":{"footnotes":""},"class_list":["post-263","page","type-page","status-publish","hentry"],"_links":{"self":[{"href":"https:\/\/mace.es\/es\/wp-json\/wp\/v2\/pages\/263","targetHints":{"allow":["GET"]}}],"collection":[{"href":"https:\/\/mace.es\/es\/wp-json\/wp\/v2\/pages"}],"about":[{"href":"https:\/\/mace.es\/es\/wp-json\/wp\/v2\/types\/page"}],"author":[{"embeddable":true,"href":"https:\/\/mace.es\/es\/wp-json\/wp\/v2\/users\/1"}],"replies":[{"embeddable":true,"href":"https:\/\/mace.es\/es\/wp-json\/wp\/v2\/comments?post=263"}],"version-history":[{"count":6,"href":"https:\/\/mace.es\/es\/wp-json\/wp\/v2\/pages\/263\/revisions"}],"predecessor-version":[{"id":470,"href":"https:\/\/mace.es\/es\/wp-json\/wp\/v2\/pages\/263\/revisions\/470"}],"wp:attachment":[{"href":"https:\/\/mace.es\/es\/wp-json\/wp\/v2\/media?parent=263"}],"curies":[{"name":"wp","href":"https:\/\/api.w.org\/{rel}","templated":true}]}}