{"id":270,"date":"2022-11-10T17:05:49","date_gmt":"2022-11-10T17:05:49","guid":{"rendered":"https:\/\/mace.es\/mace26\/mace23\/calidad\/"},"modified":"2023-02-27T13:04:41","modified_gmt":"2023-02-27T13:04:41","slug":"calidad","status":"publish","type":"page","link":"https:\/\/mace.es\/es\/calidad\/","title":{"rendered":"Calidad"},"content":{"rendered":"<p>[vc_row padding_top_multiplier=\u00bb\u00bb padding_bottom_multiplier=\u00bb\u00bb disable_element=\u00bbyes\u00bb][vc_column]\n\t\t\t<!-- START Slider 1 1 REVOLUTION SLIDER 6.6.0 --><p class=\"rs-p-wp-fix\"><\/p>\n\t\t\t<rs-module-wrap id=\"rev_slider_2_1_wrapper\" data-source=\"gallery\" style=\"visibility:hidden;background:transparent;padding:0;margin:0px auto;margin-top:0;margin-bottom:0;\">\n\t\t\t\t<rs-module id=\"rev_slider_2_1\" style=\"\" data-version=\"6.6.0\">\n\t\t\t\t\t<rs-slides style=\"overflow: hidden; position: absolute;\">\n\t\t\t\t\t\t<rs-slide style=\"position: absolute;\" data-key=\"rs-2\" data-title=\"Slide\" data-in=\"o:0;\" data-out=\"a:false;\">\n\t\t\t\t\t\t\t<img decoding=\"async\" src=\"\/\/mace.es\/mace26\/mace23\/wp-content\/plugins\/revslider\/public\/assets\/assets\/dummy.png\" alt=\"Slide\" title=\"rotllo_ok_portada\" width=\"1000\" height=\"1150\" class=\"rev-slidebg tp-rs-img rs-lazyload\" data-lazyload=\"\/\/mace.es\/mace26\/mace23\/wp-content\/plugins\/revslider\/public\/assets\/assets\/transparent.png\" data-bg=\"c:#e5e5e5;\" data-no-retina>\n<!--\n\t\t\t\t\t\t\t--><rs-layer\n\t\t\t\t\t\t\t\tid=\"slider-2-slide-2-layer-0\" \n\t\t\t\t\t\t\t\tdata-type=\"text\"\n\t\t\t\t\t\t\t\tdata-color=\"#34aadc\"\n\t\t\t\t\t\t\t\tdata-rsp_ch=\"on\"\n\t\t\t\t\t\t\t\tdata-xy=\"x:681px;y:360px;\"\n\t\t\t\t\t\t\t\tdata-text=\"w:normal;s:69;l:69;fw:300;\"\n\t\t\t\t\t\t\t\tdata-frame_999=\"o:0;st:w;\"\n\t\t\t\t\t\t\t\tstyle=\"z-index:8;font-family:'Open Sans';\"\n\t\t\t\t\t\t\t>BEVERAGE,<br \/>\nSANITARY <br \/>\n& HVAC <br \/>\nAPPLICATIONS \n\t\t\t\t\t\t\t<\/rs-layer><!--\n\n\t\t\t\t\t\t\t--><rs-layer\n\t\t\t\t\t\t\t\tid=\"slider-2-slide-2-layer-4\" \n\t\t\t\t\t\t\t\tdata-type=\"image\"\n\t\t\t\t\t\t\t\tdata-rsp_ch=\"on\"\n\t\t\t\t\t\t\t\tdata-xy=\"x:1px;y:126px;\"\n\t\t\t\t\t\t\t\tdata-text=\"w:normal;\"\n\t\t\t\t\t\t\t\tdata-dim=\"w:672px;h:792px;\"\n\t\t\t\t\t\t\t\tdata-frame_999=\"o:0;st:w;\"\n\t\t\t\t\t\t\t\tstyle=\"z-index:9;\"\n\t\t\t\t\t\t\t><img decoding=\"async\" src=\"\/\/mace.es\/mace26\/mace23\/wp-content\/plugins\/revslider\/public\/assets\/assets\/dummy.png\" alt=\"\" class=\"tp-rs-img rs-lazyload\" width=\"1000\" height=\"1179\" data-lazyload=\"\/\/mace.es\/mace26\/mace23\/wp-content\/uploads\/2022\/11\/rollo_acero_trans.png\" data-no-retina> \n\t\t\t\t\t\t\t<\/rs-layer><!--\n-->\t\t\t\t\t\t<\/rs-slide>\n\t\t\t\t\t<\/rs-slides>\n\t\t\t\t<\/rs-module>\n\t\t\t\t<script>\n\t\t\t\t\tsetREVStartSize({c: 'rev_slider_2_1',rl:[1240,1024,778,480],el:[900],gw:[1240],gh:[900],type:'standard',justify:'',layout:'fullwidth',mh:\"0\"});if (window.RS_MODULES!==undefined && window.RS_MODULES.modules!==undefined && window.RS_MODULES.modules[\"revslider21\"]!==undefined) {window.RS_MODULES.modules[\"revslider21\"].once = false;window.revapi2 = undefined;if (window.RS_MODULES.checkMinimal!==undefined) window.RS_MODULES.checkMinimal()}\n\t\t\t\t<\/script>\n\t\t\t<\/rs-module-wrap>\n\t\t\t<!-- END REVOLUTION SLIDER -->\n[\/vc_column][\/vc_row][vc_row padding_top_multiplier=\u00bb6x\u00bb padding_bottom_multiplier=\u00bb\u00bb][vc_column]<h1 class=\"eut-element eut-title eut-align-inherit eut-h3\" style=\"\"><span>Calidad de Proceso:<\/span><\/h1><div class=\"eut-element eut-divider\" style=\"padding-bottom: 30px;\"><span class=\"eut-custom-divider eut-bg-custom eut-align-inherit\" style=\"width: 100%;height: 2px; background-color: #0071b8;\"><\/span><\/div>[\/vc_column][\/vc_row][vc_row][vc_column width=\u00bb1\/2&#8243;][vc_column_text]<span style=\"color: #0071b8;\"><strong>Calidad:<\/strong><\/span><\/p>\n<p>La <span style=\"color: #0071b8;\"><strong>totalidad (100%) de la producci\u00f3n<\/strong><\/span> que sale de m\u00e1quina <span style=\"color: #0071b8;\"><strong>est\u00e1 verificada<\/strong><\/span> con los siguientes ensayos destructivos y no destructivos basados en las normativas espec\u00edficas.[\/vc_column_text]<div class=\"eut-empty-space eut-height-1x\" style=\"\"><\/div><div class=\"eut-element eut-image eut-align-inherit\" style=\"\"><div class=\"eut-image-wrapper eut-popup-item\" style=\"max-width:412px;\"><div class=\"eut-thumbnail-wrapper\"  style=\"max-width: 412px;\"><div class=\"eut-thumbnail\"  style=\"padding-top: 101.699%;\"><img loading=\"lazy\" decoding=\"async\" width=\"412\" height=\"419\" src=\"https:\/\/mace.es\/mace26\/mace23\/wp-content\/uploads\/2022\/11\/imatge_2.jpg\" class=\"attachment-full size-full\" alt=\"\" data-eutf-filter=\"yes\" srcset=\"https:\/\/mace.es\/mace26\/mace23\/wp-content\/uploads\/2022\/11\/imatge_2.jpg 412w, https:\/\/mace.es\/mace26\/mace23\/wp-content\/uploads\/2022\/11\/imatge_2-295x300.jpg 295w\" sizes=\"auto, (max-width: 412px) 100vw, 412px\" \/><\/div><\/div>  <\/div><\/div>[\/vc_column][vc_column width=\u00bb1\/2&#8243;][vc_column_text]<span style=\"color: #0071b8;\"><strong>Normativa:<\/strong><\/span><\/p>\n<p><span style=\"color: #0071b8;\"><strong>MACE verifica a 10-250 bar de presi\u00f3n durante 15 minutos dentro de un tanque de agua<\/strong><\/span>, para analizar que no haya ninguna porosidad en el tubo. Se realiza este test en lugar de otros, ya que se ha demostrado, que el mejor m\u00e9todo es el de burbuja, ya que ofrece m\u00e1s garant\u00edas de estanqueidad.<\/p>\n<p>En los siguientes puntos les mostramos la normativa UNE-EN que aplicamos:<\/p>\n<ul>\n<li><strong><span style=\"color: #0071b8;\">UNE EN ISO 9001:2015<\/span><\/strong>.<\/li>\n<li><span style=\"color: #0071b8;\"><strong>UNE EN 10217-7<\/strong><\/span> (Tubo de acero inoxidable soldado para utilizar en aplicaciones de presi\u00f3n, condiciones t\u00e9cnicas de suministro, tubos de acero inoxidable).<\/li>\n<li>Prueba de fugas, utilizamos las siguientes: <span style=\"color: #0071b8;\"><strong>UNE-EN 13184<\/strong><\/span> (M\u00e9todo de cambio de presi\u00f3n) y <span style=\"color: #0071b8;\"><strong>UNE-EN 1593<\/strong><\/span> (T\u00e9cnica de emisi\u00f3n de burbujas). Estas dos normativas provienen de <span style=\"color: #0071b8;\"><strong>UNE-EN 1779<\/strong><\/span> (Criterios para la selecci\u00f3n del m\u00e9todo y la t\u00e9cnica).<\/li>\n<li>Otros tipos de test que se aplican:\n<ul>\n<li>DIN 10233 cambiada por <span style=\"color: #0071b8;\"><strong>UNE &#8211; EN 8492<\/strong><\/span> (test aplastamiento)<\/li>\n<li>DIN 10234 cambiada por UNE &#8211; <span style=\"color: #0071b8;\"><strong>EN 8493<\/strong><\/span> (test de expansionado)<\/li>\n<li><span style=\"color: #0071b8;\"><strong>UNE &#8211; EN 1127<\/strong><\/span> (dimensiones y tolerancias).<\/li>\n<\/ul>\n<\/li>\n<\/ul>\n<p>[\/vc_column_text][\/vc_column][\/vc_row][vc_row padding_bottom_multiplier=\u00bb2x\u00bb mobile_visibility=\u00bbhide\u00bb][vc_column width=\u00bb1\/4&#8243; column_effect=\u00bbvertical-parallax\u00bb column_effect_invert=\u00bbtrue\u00bb][vc_column_text]<span style=\"color: #0071b8;\"><strong>Organigrama proceso<\/strong><\/span><br \/>\n<span style=\"color: #0071b8;\"><strong>de verificaci\u00f3n de las bobinas de tubo:<\/strong><\/span>[\/vc_column_text][\/vc_column][vc_column width=\u00bb3\/4&#8243;]<div class=\"eut-element eut-image eut-align-left\" style=\"\"><div class=\"eut-image-wrapper eut-popup-item\" style=\"max-width:2000px;\"><div class=\"eut-thumbnail-wrapper\"  style=\"max-width: 2000px;\"><div class=\"eut-thumbnail\"  style=\"padding-top: 62.85%;\"><img loading=\"lazy\" decoding=\"async\" width=\"2000\" height=\"1257\" src=\"https:\/\/mace.es\/mace26\/mace23\/wp-content\/uploads\/2023\/02\/esquema_desktop.jpg\" class=\"attachment-full size-full\" alt=\"\" data-eutf-filter=\"yes\" srcset=\"https:\/\/mace.es\/mace26\/mace23\/wp-content\/uploads\/2023\/02\/esquema_desktop.jpg 2000w, https:\/\/mace.es\/mace26\/mace23\/wp-content\/uploads\/2023\/02\/esquema_desktop-300x189.jpg 300w, https:\/\/mace.es\/mace26\/mace23\/wp-content\/uploads\/2023\/02\/esquema_desktop-1024x644.jpg 1024w, https:\/\/mace.es\/mace26\/mace23\/wp-content\/uploads\/2023\/02\/esquema_desktop-768x483.jpg 768w, https:\/\/mace.es\/mace26\/mace23\/wp-content\/uploads\/2023\/02\/esquema_desktop-1536x965.jpg 1536w, https:\/\/mace.es\/mace26\/mace23\/wp-content\/uploads\/2023\/02\/esquema_desktop-1920x1207.jpg 1920w\" sizes=\"auto, (max-width: 2000px) 100vw, 2000px\" \/><\/div><\/div>  <\/div><\/div>[\/vc_column][\/vc_row][vc_row padding_bottom_multiplier=\u00bb2x\u00bb desktop_visibility=\u00bbhide\u00bb tablet_visibility=\u00bbhide\u00bb tablet_sm_visibility=\u00bbhide\u00bb][vc_column width=\u00bb1\/4&#8243; column_effect=\u00bbvertical-parallax\u00bb column_effect_invert=\u00bbtrue\u00bb][vc_column_text]<span style=\"color: #0071b8;\"><strong>Organigrama proceso<\/strong><\/span><br \/>\n<span style=\"color: #0071b8;\"><strong>de verificaci\u00f3n de las bobinas de tubo:<\/strong><\/span>[\/vc_column_text][\/vc_column][vc_column width=\u00bb3\/4&#8243;]<div class=\"eut-element eut-image eut-align-left\" style=\"\"><div class=\"eut-image-wrapper eut-popup-item\" style=\"max-width:1514px;\"><div class=\"eut-thumbnail-wrapper\"  style=\"max-width: 1514px;\"><div class=\"eut-thumbnail\"  style=\"padding-top: 128.071%;\"><img loading=\"lazy\" decoding=\"async\" width=\"1514\" height=\"1939\" src=\"https:\/\/mace.es\/mace26\/mace23\/wp-content\/uploads\/2023\/02\/esquema_mobil.jpg\" class=\"attachment-full size-full\" alt=\"\" data-eutf-filter=\"yes\" srcset=\"https:\/\/mace.es\/mace26\/mace23\/wp-content\/uploads\/2023\/02\/esquema_mobil.jpg 1514w, https:\/\/mace.es\/mace26\/mace23\/wp-content\/uploads\/2023\/02\/esquema_mobil-234x300.jpg 234w, https:\/\/mace.es\/mace26\/mace23\/wp-content\/uploads\/2023\/02\/esquema_mobil-800x1024.jpg 800w, https:\/\/mace.es\/mace26\/mace23\/wp-content\/uploads\/2023\/02\/esquema_mobil-768x984.jpg 768w, https:\/\/mace.es\/mace26\/mace23\/wp-content\/uploads\/2023\/02\/esquema_mobil-1199x1536.jpg 1199w, https:\/\/mace.es\/mace26\/mace23\/wp-content\/uploads\/2023\/02\/esquema_mobil-1499x1920.jpg 1499w\" sizes=\"auto, (max-width: 1514px) 100vw, 1514px\" \/><\/div><\/div>  <\/div><\/div>[\/vc_column][\/vc_row][vc_row padding_top_multiplier=\u00bb2x\u00bb padding_bottom_multiplier=\u00bb\u00bb][vc_column]<h1 class=\"eut-element eut-title eut-align-inherit eut-h3\" style=\"\"><span>Calidad de Origen<\/span><\/h1><div class=\"eut-element eut-divider\" style=\"padding-bottom: 30px;\"><span class=\"eut-custom-divider eut-bg-custom eut-align-inherit\" style=\"width: 100%;height: 2px; background-color: #0071b8;\"><\/span><\/div>[\/vc_column][\/vc_row][vc_row][vc_column width=\u00bb1\/2&#8243; vertical_content_position=\u00bbmiddle\u00bb][vc_column_text]Toda la materia prima utilizada proviene de proveedores occidentales (UE) siguiendo todas las normativas y homologaciones requeridas.[\/vc_column_text][\/vc_column][vc_column width=\u00bb1\/2&#8243; text_align=\u00bbcenter\u00bb]<div class=\"eut-element eut-image eut-align-inherit\" style=\"\"><div class=\"eut-image-wrapper eut-popup-item\" style=\"max-width:412px;\"><div class=\"eut-thumbnail-wrapper\"  style=\"max-width: 412px;\"><div class=\"eut-thumbnail\"  style=\"padding-top: 52.67%;\"><img loading=\"lazy\" decoding=\"async\" width=\"412\" height=\"217\" src=\"https:\/\/mace.es\/mace26\/mace23\/wp-content\/uploads\/2022\/11\/imatge4_1.jpg\" class=\"attachment-full size-full\" alt=\"\" data-eutf-filter=\"yes\" srcset=\"https:\/\/mace.es\/mace26\/mace23\/wp-content\/uploads\/2022\/11\/imatge4_1.jpg 412w, https:\/\/mace.es\/mace26\/mace23\/wp-content\/uploads\/2022\/11\/imatge4_1-300x158.jpg 300w\" sizes=\"auto, (max-width: 412px) 100vw, 412px\" \/><\/div><\/div>  <\/div><\/div>[\/vc_column][\/vc_row][vc_row padding_top_multiplier=\u00bb2x\u00bb padding_bottom_multiplier=\u00bb\u00bb][vc_column]<h1 class=\"eut-element eut-title eut-align-inherit eut-h3\" style=\"\"><span>Calidad de Producto<\/span><\/h1><div class=\"eut-element eut-divider\" style=\"padding-bottom: 30px;\"><span class=\"eut-custom-divider eut-bg-custom eut-align-inherit\" style=\"width: 100%;height: 2px; background-color: #0071b8;\"><\/span><\/div>[\/vc_column][\/vc_row][vc_row padding_bottom_multiplier=\u00bb2x\u00bb][vc_column width=\u00bb1\/3&#8243; text_align=\u00bbcenter\u00bb]<div class=\"eut-element eut-image eut-align-inherit\" style=\"\"><div class=\"eut-image-wrapper eut-popup-item\" style=\"max-width:236px;\"><div class=\"eut-thumbnail-wrapper\"  style=\"max-width: 236px;\"><div class=\"eut-thumbnail\"  style=\"padding-top: 145.763%;\"><img loading=\"lazy\" decoding=\"async\" width=\"236\" height=\"344\" src=\"https:\/\/mace.es\/mace26\/mace23\/wp-content\/uploads\/2022\/11\/1FCBAC8B-1FAC-4AF0-93C5-D756D73B0ECB.jpeg\" class=\"attachment-full size-full\" alt=\"\" data-eutf-filter=\"yes\" srcset=\"https:\/\/mace.es\/mace26\/mace23\/wp-content\/uploads\/2022\/11\/1FCBAC8B-1FAC-4AF0-93C5-D756D73B0ECB.jpeg 236w, https:\/\/mace.es\/mace26\/mace23\/wp-content\/uploads\/2022\/11\/1FCBAC8B-1FAC-4AF0-93C5-D756D73B0ECB-206x300.jpeg 206w\" sizes=\"auto, (max-width: 236px) 100vw, 236px\" \/><\/div><\/div>  <\/div><\/div>[\/vc_column][vc_column width=\u00bb1\/3&#8243;][vc_column_text]<strong><span style=\"color: #0071b8;\">Gracias a la forjada experiencia alcanzada en los trabajos de mecanizado<\/span><\/strong>reparaciones y mantenimiento de todo tipo de maquinaria, ya sea para el sector del vidrio, caucho, automoci\u00f3n y tubo, nos ha permitido conseguir un nivel de conocimiento y sofisticaci\u00f3n que se ha traducido <strong><span style=\"color: #0071b8;\">en la fabricaci\u00f3n de la propia maquinaria que se utiliza para la producci\u00f3n de nuestro tubo<\/span><\/strong>.<\/p>\n<p>Actualmente MACE dispone de varias <span style=\"color: #0071b8;\"><strong>l\u00edneas de fabricaci\u00f3n automatizada<\/strong><\/span> garantizando las peticiones de suministro de nuestros clientes.[\/vc_column_text][\/vc_column][vc_column width=\u00bb1\/3&#8243;][vc_column_text]<span style=\"font-family: inherit; font-size: inherit; font-style: inherit; font-variant-caps: inherit;\">En paralelo a la secci\u00f3n de producci\u00f3n de tubo, MACE tambi\u00e9n dispone de una secci\u00f3n de aprendizaje y desarrollo para entender el comportamiento del tubo y la correcta manipulaci\u00f3n de los serpentines. Con este <span style=\"color: #0071b8;\"><strong>aprendizaje constante<\/strong><\/span> se quiere ofrecer a nuestros clientes una herramienta de apoyo y de retroalimentaci\u00f3n en cuanto a la manipulaci\u00f3n del tubo.<\/span><\/p>\n<p>Por otra parte <strong><span style=\"color: #0071b8;\">MACE dispone de secciones de mecanizado y mantenimiento propias<\/span><\/strong> con personal altamente cualificado. Esto nos aporta una r\u00e1pida puesta en funcionamiento de <span style=\"color: #0071b8;\"><strong>las nuevas mejoras<\/strong><\/span> en nuestro proceso productivo y de nuestros clientes, traduci\u00e9ndose en una <strong><span style=\"color: #0071b8;\">mejora continua de la calidad del producto<\/span><\/strong>, lo que nos permite tener el control desde la fase de dise\u00f1o hasta la fase final de la m\u00e1quina o \u00fatil acabado.[\/vc_column_text][\/vc_column][\/vc_row]<\/p>\n","protected":false},"excerpt":{"rendered":"<p>[vc_row padding_top_multiplier=\u00bb\u00bb padding_bottom_multiplier=\u00bb\u00bb disable_element=\u00bbyes\u00bb][vc_column][\/vc_column][\/vc_row][vc_row padding_top_multiplier=\u00bb6x\u00bb padding_bottom_multiplier=\u00bb\u00bb][vc_column][\/vc_column][\/vc_row][vc_row][vc_column width=\u00bb1\/2&#8243;][vc_column_text]Calidad: La totalidad (100%) de la producci\u00f3n que sale de m\u00e1quina est\u00e1 verificada con los siguientes ensayos destructivos y no destructivos basados en las normativas espec\u00edficas.[\/vc_column_text][\/vc_column][vc_column width=\u00bb1\/2&#8243;][vc_column_text]Normativa: MACE verifica a 10-250 bar de presi\u00f3n durante 15 minutos dentro de un tanque de agua, para analizar que no haya ninguna [&hellip;]<\/p>\n","protected":false},"author":1,"featured_media":0,"parent":0,"menu_order":0,"comment_status":"closed","ping_status":"closed","template":"","meta":{"footnotes":""},"class_list":["post-270","page","type-page","status-publish","hentry"],"_links":{"self":[{"href":"https:\/\/mace.es\/es\/wp-json\/wp\/v2\/pages\/270","targetHints":{"allow":["GET"]}}],"collection":[{"href":"https:\/\/mace.es\/es\/wp-json\/wp\/v2\/pages"}],"about":[{"href":"https:\/\/mace.es\/es\/wp-json\/wp\/v2\/types\/page"}],"author":[{"embeddable":true,"href":"https:\/\/mace.es\/es\/wp-json\/wp\/v2\/users\/1"}],"replies":[{"embeddable":true,"href":"https:\/\/mace.es\/es\/wp-json\/wp\/v2\/comments?post=270"}],"version-history":[{"count":14,"href":"https:\/\/mace.es\/es\/wp-json\/wp\/v2\/pages\/270\/revisions"}],"predecessor-version":[{"id":477,"href":"https:\/\/mace.es\/es\/wp-json\/wp\/v2\/pages\/270\/revisions\/477"}],"wp:attachment":[{"href":"https:\/\/mace.es\/es\/wp-json\/wp\/v2\/media?parent=270"}],"curies":[{"name":"wp","href":"https:\/\/api.w.org\/{rel}","templated":true}]}}