{"id":276,"date":"2022-11-13T11:51:44","date_gmt":"2022-11-13T11:51:44","guid":{"rendered":"https:\/\/mace.es\/mace26\/mace23\/optimizacion-beneficios-clientes\/"},"modified":"2023-02-27T16:18:33","modified_gmt":"2023-02-27T16:18:33","slug":"optimizacion-beneficios-clientes","status":"publish","type":"page","link":"https:\/\/mace.es\/es\/optimizacion-beneficios-clientes\/","title":{"rendered":"Optimizaci\u00f3n beneficios clientes"},"content":{"rendered":"<p>[vc_row padding_top_multiplier=\u00bb\u00bb padding_bottom_multiplier=\u00bb\u00bb disable_element=\u00bbyes\u00bb][vc_column]\n\t\t\t<!-- START Slider 1 1 REVOLUTION SLIDER 6.6.0 --><p class=\"rs-p-wp-fix\"><\/p>\n\t\t\t<rs-module-wrap id=\"rev_slider_2_1_wrapper\" data-source=\"gallery\" style=\"visibility:hidden;background:transparent;padding:0;margin:0px auto;margin-top:0;margin-bottom:0;\">\n\t\t\t\t<rs-module id=\"rev_slider_2_1\" style=\"\" data-version=\"6.6.0\">\n\t\t\t\t\t<rs-slides style=\"overflow: hidden; position: absolute;\">\n\t\t\t\t\t\t<rs-slide style=\"position: absolute;\" data-key=\"rs-2\" data-title=\"Slide\" data-in=\"o:0;\" data-out=\"a:false;\">\n\t\t\t\t\t\t\t<img decoding=\"async\" src=\"\/\/mace.es\/mace26\/mace23\/wp-content\/plugins\/revslider\/public\/assets\/assets\/dummy.png\" alt=\"Slide\" title=\"rotllo_ok_portada\" width=\"1000\" height=\"1150\" class=\"rev-slidebg tp-rs-img rs-lazyload\" data-lazyload=\"\/\/mace.es\/mace26\/mace23\/wp-content\/plugins\/revslider\/public\/assets\/assets\/transparent.png\" data-bg=\"c:#e5e5e5;\" data-no-retina>\n<!--\n\t\t\t\t\t\t\t--><rs-layer\n\t\t\t\t\t\t\t\tid=\"slider-2-slide-2-layer-0\" \n\t\t\t\t\t\t\t\tdata-type=\"text\"\n\t\t\t\t\t\t\t\tdata-color=\"#34aadc\"\n\t\t\t\t\t\t\t\tdata-rsp_ch=\"on\"\n\t\t\t\t\t\t\t\tdata-xy=\"x:681px;y:360px;\"\n\t\t\t\t\t\t\t\tdata-text=\"w:normal;s:69;l:69;fw:300;\"\n\t\t\t\t\t\t\t\tdata-frame_999=\"o:0;st:w;\"\n\t\t\t\t\t\t\t\tstyle=\"z-index:8;font-family:'Open Sans';\"\n\t\t\t\t\t\t\t>BEVERAGE,<br \/>\nSANITARY <br \/>\n& HVAC <br \/>\nAPPLICATIONS \n\t\t\t\t\t\t\t<\/rs-layer><!--\n\n\t\t\t\t\t\t\t--><rs-layer\n\t\t\t\t\t\t\t\tid=\"slider-2-slide-2-layer-4\" \n\t\t\t\t\t\t\t\tdata-type=\"image\"\n\t\t\t\t\t\t\t\tdata-rsp_ch=\"on\"\n\t\t\t\t\t\t\t\tdata-xy=\"x:1px;y:126px;\"\n\t\t\t\t\t\t\t\tdata-text=\"w:normal;\"\n\t\t\t\t\t\t\t\tdata-dim=\"w:672px;h:792px;\"\n\t\t\t\t\t\t\t\tdata-frame_999=\"o:0;st:w;\"\n\t\t\t\t\t\t\t\tstyle=\"z-index:9;\"\n\t\t\t\t\t\t\t><img decoding=\"async\" src=\"\/\/mace.es\/mace26\/mace23\/wp-content\/plugins\/revslider\/public\/assets\/assets\/dummy.png\" alt=\"\" class=\"tp-rs-img rs-lazyload\" width=\"1000\" height=\"1179\" data-lazyload=\"\/\/mace.es\/mace26\/mace23\/wp-content\/uploads\/2022\/11\/rollo_acero_trans.png\" data-no-retina> \n\t\t\t\t\t\t\t<\/rs-layer><!--\n-->\t\t\t\t\t\t<\/rs-slide>\n\t\t\t\t\t<\/rs-slides>\n\t\t\t\t<\/rs-module>\n\t\t\t\t<script>\n\t\t\t\t\tsetREVStartSize({c: 'rev_slider_2_1',rl:[1240,1024,778,480],el:[900],gw:[1240],gh:[900],type:'standard',justify:'',layout:'fullwidth',mh:\"0\"});if (window.RS_MODULES!==undefined && window.RS_MODULES.modules!==undefined && window.RS_MODULES.modules[\"revslider21\"]!==undefined) {window.RS_MODULES.modules[\"revslider21\"].once = false;window.revapi2 = undefined;if (window.RS_MODULES.checkMinimal!==undefined) window.RS_MODULES.checkMinimal()}\n\t\t\t\t<\/script>\n\t\t\t<\/rs-module-wrap>\n\t\t\t<!-- END REVOLUTION SLIDER -->\n[\/vc_column][\/vc_row][vc_row padding_top_multiplier=\u00bb6x\u00bb padding_bottom_multiplier=\u00bb\u00bb][vc_column]<h1 class=\"eut-element eut-title eut-align-inherit eut-h3\" style=\"\"><span>Reducci\u00f3n costes estructurales:<\/span><\/h1><div class=\"eut-element eut-divider\" style=\"padding-bottom: 30px;\"><span class=\"eut-custom-divider eut-bg-custom eut-align-inherit\" style=\"width: 100%;height: 2px; background-color: #0071b8;\"><\/span><\/div>[\/vc_column][\/vc_row][vc_row][vc_column width=\u00bb1\/3&#8243;]<div class=\"eut-element eut-image eut-align-inherit\" style=\"\"><div class=\"eut-image-wrapper eut-popup-item\" style=\"max-width:800px;\"><div class=\"eut-thumbnail-wrapper\"  style=\"max-width: 800px;\"><div class=\"eut-thumbnail\"  style=\"padding-top: 107.375%;\"><img loading=\"lazy\" decoding=\"async\" width=\"800\" height=\"859\" src=\"https:\/\/mace.es\/mace26\/mace23\/wp-content\/uploads\/2023\/02\/esquema-tub-1.jpg\" class=\"attachment-full size-full\" alt=\"\" data-eutf-filter=\"yes\" srcset=\"https:\/\/mace.es\/mace26\/mace23\/wp-content\/uploads\/2023\/02\/esquema-tub-1.jpg 800w, https:\/\/mace.es\/mace26\/mace23\/wp-content\/uploads\/2023\/02\/esquema-tub-1-279x300.jpg 279w, https:\/\/mace.es\/mace26\/mace23\/wp-content\/uploads\/2023\/02\/esquema-tub-1-768x825.jpg 768w\" sizes=\"auto, (max-width: 800px) 100vw, 800px\" \/><\/div><\/div>  <\/div><\/div>[\/vc_column][vc_column width=\u00bb1\/3&#8243;][vc_column_text]<strong><span style=\"color: #0071b8;\">MACE ofrece como producto est\u00e1ndar bobinas de tubo entre 200-500 metros de longitud.<\/span><\/strong><br \/>\nBajo petici\u00f3n del cliente, podemos ofrecer bobinas de entre 750 y hasta 1500 metros en producci\u00f3n continua y sin ning\u00fan tipo de uni\u00f3n de soldadura en la misma bobina.<\/p>\n<p>Con estas longitudes se podr\u00e1n reducir:<br \/>\n\u2022 Costes de producci\u00f3n<br \/>\n\u2022 Paros de m\u00e1quina: un 66% menos de paros de m\u00e1quina respecto a otros tipos de bobinas.<br \/>\n\u2022 Mermas de serpentines: 10% menos de merma en el proceso de fabricaci\u00f3n de los serpentines.<\/p>\n<p>Metros aproximados por palet:<br \/>\nCon estas cantidades por palet, <span style=\"color: #0071b8;\"><strong>nuestros clientes pueden disponer de m\u00e1s espacio en su almac\u00e9n, reducir\u00e1n los costes de manipulaci\u00f3n, y reducir\u00e1n el tiempo<\/strong><\/span> que necesitan sus trabajadores para transportar el tubo desde el almac\u00e9n hasta el punto de producci\u00f3n de los serpentines.[\/vc_column_text][\/vc_column][vc_column width=\u00bb1\/3&#8243;][vc_column_text]Por otra parte, con nuestro dise\u00f1o de embalaje, <span style=\"color: #0071b8;\"><strong>las bobinas estando totalmente protegidas durante el proceso de manipulaci\u00f3n y transporte<\/strong><\/span>, evitando de esta manera cualquier posible golpe que pueda da\u00f1ar el tubo. Adem\u00e1s, el proceso de extracci\u00f3n del material del interior palet es m\u00e1s \u00e1gil para el trabajador que debe manipular la bobina de tubo.<\/p>\n<p><strong><span style=\"color: #0071b8;\">Mace ofrece la gesti\u00f3n del transporte del tubo<\/span><\/strong>, el cliente puede escoger entre:<br \/>\n\u2022 EXW Esparreguera (Barcelona).<br \/>\n\u2022 DAP (en su almac\u00e9n).<br \/>\n\u2022 CIF (puerto de destino).<\/p>\n<p><span style=\"color: #999999;\">Nota: seg\u00fan en Incoterms 2010<\/span>[\/vc_column_text][\/vc_column][\/vc_row][vc_row padding_top_multiplier=\u00bb2x\u00bb padding_bottom_multiplier=\u00bb\u00bb][vc_column]<h1 class=\"eut-element eut-title eut-align-inherit eut-h3\" style=\"\"><span>Mejora de la productividad<\/span><\/h1><div class=\"eut-element eut-divider\" style=\"padding-bottom: 30px;\"><span class=\"eut-custom-divider eut-bg-custom eut-align-inherit\" style=\"width: 100%;height: 2px; background-color: #0071b8;\"><\/span><\/div>[\/vc_column][\/vc_row][vc_row][vc_column width=\u00bb1\/2&#8243; vertical_content_position=\u00bbmiddle\u00bb][vc_column_text]Nuestra mejora constante y persistente en t\u00e9rminos de productividad, nos permite <strong><span style=\"color: #0071b8;\">garantizar a nuestros clientes la disponibilidad del tubo<\/span><\/strong> cuando ellos lo requieran, tanto si nos han facilitado una programaci\u00f3n de aprovisionamiento como si lo piden para una fecha concreta. Para MACE es muy importante cumplir con los plazos acordados.<\/p>\n<p>Gracias a nuestro personal altamente cualificado en la producci\u00f3n de tubo, nos permite tener una <strong><span style=\"color: #0071b8;\">capacidad de reacci\u00f3n muy r\u00e1pida<\/span><\/strong> cuando hay una gran concentraci\u00f3n de demandas de tubo por parte de nuestros clientes.<\/p>\n<p>Experiencia, flexibilidad y persistencia son elementos b\u00e1sicos en los servicios que MACE ofrece a sus clientes, <span style=\"color: #0071b8;\"><strong>nuestro principal objetivo es que nuestro cliente est\u00e9 contento con nuestros productos y servicios.<\/strong><\/span>[\/vc_column_text][\/vc_column][vc_column width=\u00bb1\/2&#8243; text_align=\u00bbcenter\u00bb]<div class=\"eut-element eut-image eut-align-inherit\" style=\"\"><div class=\"eut-image-wrapper eut-popup-item\" style=\"max-width:412px;\"><div class=\"eut-thumbnail-wrapper\"  style=\"max-width: 412px;\"><div class=\"eut-thumbnail\"  style=\"padding-top: 62.621%;\"><img loading=\"lazy\" decoding=\"async\" width=\"412\" height=\"258\" src=\"https:\/\/mace.es\/mace26\/mace23\/wp-content\/uploads\/2022\/11\/imatge8_2.jpg\" class=\"attachment-full size-full\" alt=\"\" data-eutf-filter=\"yes\" srcset=\"https:\/\/mace.es\/mace26\/mace23\/wp-content\/uploads\/2022\/11\/imatge8_2.jpg 412w, https:\/\/mace.es\/mace26\/mace23\/wp-content\/uploads\/2022\/11\/imatge8_2-300x188.jpg 300w\" sizes=\"auto, (max-width: 412px) 100vw, 412px\" \/><\/div><\/div>  <\/div><\/div>[\/vc_column][\/vc_row][vc_row padding_top_multiplier=\u00bb2x\u00bb padding_bottom_multiplier=\u00bb\u00bb][vc_column]<h1 class=\"eut-element eut-title eut-align-inherit eut-h3\" style=\"\"><span>Utiles y Maquinaria<\/span><\/h1><div class=\"eut-element eut-divider\" style=\"padding-bottom: 30px;\"><span class=\"eut-custom-divider eut-bg-custom eut-align-inherit\" style=\"width: 100%;height: 2px; background-color: #0071b8;\"><\/span><\/div>[\/vc_column][\/vc_row][vc_row padding_bottom_multiplier=\u00bb2x\u00bb][vc_column width=\u00bb1\/2&#8243; text_align=\u00bbcenter\u00bb]<div class=\"eut-element eut-image eut-align-inherit\" style=\"\"><div class=\"eut-image-wrapper eut-popup-item\" style=\"max-width:412px;\"><div class=\"eut-thumbnail-wrapper\"  style=\"max-width: 412px;\"><div class=\"eut-thumbnail\"  style=\"padding-top: 83.495%;\"><img loading=\"lazy\" decoding=\"async\" width=\"412\" height=\"344\" src=\"https:\/\/mace.es\/mace26\/mace23\/wp-content\/uploads\/2022\/11\/imatge9_2.jpg\" class=\"attachment-full size-full\" alt=\"\" data-eutf-filter=\"yes\" srcset=\"https:\/\/mace.es\/mace26\/mace23\/wp-content\/uploads\/2022\/11\/imatge9_2.jpg 412w, https:\/\/mace.es\/mace26\/mace23\/wp-content\/uploads\/2022\/11\/imatge9_2-300x250.jpg 300w\" sizes=\"auto, (max-width: 412px) 100vw, 412px\" \/><\/div><\/div>  <\/div><\/div>[\/vc_column][vc_column width=\u00bb1\/2&#8243; vertical_content_position=\u00bbmiddle\u00bb][vc_column_text]<span style=\"color: #0071b8;\"><strong>Realizaci\u00f3n de todo tipo de serpentines<\/strong><\/span> bajo petici\u00f3n directa del cliente.<\/p>\n<p><span style=\"color: #0071b8;\"><strong>Capacidad e ingenier\u00eda para realizar todo tipo de \u00fatiles<\/strong><\/span> para facilitar cualquier trabajo con el tubo, principalmente los acabados de los serpentines.<\/p>\n<p><strong><span style=\"color: #0071b8;\">Colaboraci\u00f3n habitual con diversos estudios de ingenier\u00eda y universidades<\/span><\/strong> para llevar a cabo sus proyectos poniendo a su disposici\u00f3n nuestro personal y maquinaria.[\/vc_column_text][\/vc_column][\/vc_row]<\/p>\n","protected":false},"excerpt":{"rendered":"<p>[vc_row padding_top_multiplier=\u00bb\u00bb padding_bottom_multiplier=\u00bb\u00bb disable_element=\u00bbyes\u00bb][vc_column][\/vc_column][\/vc_row][vc_row padding_top_multiplier=\u00bb6x\u00bb padding_bottom_multiplier=\u00bb\u00bb][vc_column][\/vc_column][\/vc_row][vc_row][vc_column width=\u00bb1\/3&#8243;][\/vc_column][vc_column width=\u00bb1\/3&#8243;][vc_column_text]MACE ofrece como producto est\u00e1ndar bobinas de tubo entre 200-500 metros de longitud. Bajo petici\u00f3n del cliente, podemos ofrecer bobinas de entre 750 y hasta 1500 metros en producci\u00f3n continua y sin ning\u00fan tipo de uni\u00f3n de soldadura en la misma bobina. Con estas longitudes se podr\u00e1n reducir: [&hellip;]<\/p>\n","protected":false},"author":1,"featured_media":0,"parent":0,"menu_order":0,"comment_status":"closed","ping_status":"closed","template":"","meta":{"footnotes":""},"class_list":["post-276","page","type-page","status-publish","hentry"],"_links":{"self":[{"href":"https:\/\/mace.es\/es\/wp-json\/wp\/v2\/pages\/276","targetHints":{"allow":["GET"]}}],"collection":[{"href":"https:\/\/mace.es\/es\/wp-json\/wp\/v2\/pages"}],"about":[{"href":"https:\/\/mace.es\/es\/wp-json\/wp\/v2\/types\/page"}],"author":[{"embeddable":true,"href":"https:\/\/mace.es\/es\/wp-json\/wp\/v2\/users\/1"}],"replies":[{"embeddable":true,"href":"https:\/\/mace.es\/es\/wp-json\/wp\/v2\/comments?post=276"}],"version-history":[{"count":7,"href":"https:\/\/mace.es\/es\/wp-json\/wp\/v2\/pages\/276\/revisions"}],"predecessor-version":[{"id":502,"href":"https:\/\/mace.es\/es\/wp-json\/wp\/v2\/pages\/276\/revisions\/502"}],"wp:attachment":[{"href":"https:\/\/mace.es\/es\/wp-json\/wp\/v2\/media?parent=276"}],"curies":[{"name":"wp","href":"https:\/\/api.w.org\/{rel}","templated":true}]}}