{"id":282,"date":"2022-11-13T12:08:56","date_gmt":"2022-11-13T12:08:56","guid":{"rendered":"https:\/\/mace.es\/mace26\/mace23\/empresa-y-servicio\/"},"modified":"2023-02-07T10:51:46","modified_gmt":"2023-02-07T10:51:46","slug":"empresa-y-servicio","status":"publish","type":"page","link":"https:\/\/mace.es\/es\/empresa-y-servicio\/","title":{"rendered":"Empresa y servicio"},"content":{"rendered":"<p>[vc_row padding_top_multiplier=\u00bb\u00bb padding_bottom_multiplier=\u00bb\u00bb][vc_column]\n\t\t\t<!-- START Slider 1 11 REVOLUTION SLIDER 6.6.0 --><p class=\"rs-p-wp-fix\"><\/p>\n\t\t\t<rs-module-wrap id=\"rev_slider_3_1_wrapper\" data-source=\"gallery\" style=\"visibility:hidden;background:transparent;padding:0;margin:0px auto;margin-top:0;margin-bottom:0;\">\n\t\t\t\t<rs-module id=\"rev_slider_3_1\" style=\"\" data-version=\"6.6.0\">\n\t\t\t\t\t<rs-slides style=\"overflow: hidden; position: absolute;\">\n\t\t\t\t\t\t<rs-slide style=\"position: absolute;\" data-key=\"rs-3\" data-title=\"Slide\" data-in=\"o:0;\" data-out=\"a:false;\">\n\t\t\t\t\t\t\t<img decoding=\"async\" src=\"\/\/mace.es\/mace26\/mace23\/wp-content\/plugins\/revslider\/public\/assets\/assets\/dummy.png\" alt=\"\" title=\"slider_mace_03b\" width=\"1900\" height=\"1425\" class=\"rev-slidebg tp-rs-img rs-lazyload\" data-lazyload=\"\/\/mace.es\/mace26\/mace23\/wp-content\/uploads\/2023\/02\/slider_mace_03b.jpg\" data-bg=\"p:center bottom;\" data-no-retina>\n<!---->\t\t\t\t\t\t<\/rs-slide>\n\t\t\t\t\t<\/rs-slides>\n\t\t\t\t<\/rs-module>\n\t\t\t\t<script>\n\t\t\t\t\tsetREVStartSize({c: 'rev_slider_3_1',rl:[1240,1024,778,480],el:[900],gw:[1240],gh:[900],type:'standard',justify:'',layout:'fullwidth',mh:\"0\"});if (window.RS_MODULES!==undefined && window.RS_MODULES.modules!==undefined && window.RS_MODULES.modules[\"revslider31\"]!==undefined) {window.RS_MODULES.modules[\"revslider31\"].once = false;window.revapi3 = undefined;if (window.RS_MODULES.checkMinimal!==undefined) window.RS_MODULES.checkMinimal()}\n\t\t\t\t<\/script>\n\t\t\t<\/rs-module-wrap>\n\t\t\t<!-- END REVOLUTION SLIDER -->\n[\/vc_column][\/vc_row][vc_row padding_top_multiplier=\u00bb3x\u00bb padding_bottom_multiplier=\u00bb3x\u00bb columns_gap=\u00bb60&#8243;][vc_column width=\u00bb1\/2&#8243;][vc_column_text]<span style=\"color: #0071b8;\"><strong>MECANIZADOS MACE, SL, fue fundada en 1951<\/strong><\/span> como empresa de servicios metal\u00fargicos, especializada en la construcci\u00f3n de \u00fatiles, m\u00e1quinas y prototipos para clientes de todo tipo, y en especial, la construcci\u00f3n y mantenimiento de maquinaria por tubo.[\/vc_column_text][\/vc_column][vc_column width=\u00bb1\/2&#8243;][vc_column_text]La experiencia obtenida en esta fase inicial permiti\u00f3 que en 1993 inici\u00e1ramos la producci\u00f3n de tubo de acero inoxidable (el sector de la cerveza y refrescos), dise\u00f1ando y construyendo la maquinaria necesaria nosotros mismos, as\u00ed como el desarrollo de tecnolog\u00eda propia para realizar el recocido en l\u00ednea (hipertemple).[\/vc_column_text][\/vc_column][\/vc_row][vc_row padding_top_multiplier=\u00bb\u00bb padding_bottom_multiplier=\u00bb\u00bb columns_gap=\u00bb60&#8243;][vc_column width=\u00bb1\/2&#8243;]<div class=\"eut-element eut-image eut-align-inherit eut-image-space-100 eut-image-expand-width\" style=\"\"><div class=\"eut-image-wrapper eut-popup-item\"><div class=\"eut-thumbnail-wrapper\"><div class=\"eut-thumbnail\"  style=\"padding-top: 83.495%;\"><img loading=\"lazy\" decoding=\"async\" width=\"412\" height=\"344\" src=\"https:\/\/mace.es\/mace26\/mace23\/wp-content\/uploads\/2022\/11\/imatge11_2.jpg\" class=\"attachment-full size-full\" alt=\"\" data-eutf-filter=\"yes\" srcset=\"https:\/\/mace.es\/mace26\/mace23\/wp-content\/uploads\/2022\/11\/imatge11_2.jpg 412w, https:\/\/mace.es\/mace26\/mace23\/wp-content\/uploads\/2022\/11\/imatge11_2-300x250.jpg 300w\" sizes=\"auto, (max-width: 412px) 100vw, 412px\" \/><\/div><\/div>  <\/div><\/div>[\/vc_column][vc_column width=\u00bb1\/2&#8243;]<h1 class=\"eut-element eut-title eut-align-inherit eut-h3\" style=\"\"><span>Experiencia<\/span><\/h1><div class=\"eut-element eut-divider\" style=\"padding-bottom: 30px;\"><span class=\"eut-custom-divider eut-bg-custom eut-align-inherit\" style=\"width: 100%;height: 2px; background-color: #0071b8;\"><\/span><\/div><div class=\"eut-empty-space eut-height-1x\" style=\"\"><\/div>[vc_column_text]La experiencia acumulada durante estos a\u00f1os, colaborando con nuestros clientes resolviendo sus necesidades y dando soluciones a las exigencias m\u00e1s dispares nos han dotado de un alto nivel de tecnolog\u00eda, que nos permiten evolucionar mejorando cada d\u00eda nuestro producto y los servicios especializados ofrecidos.[\/vc_column_text][\/vc_column][\/vc_row][vc_row padding_top_multiplier=\u00bb2x\u00bb padding_bottom_multiplier=\u00bb2x\u00bb columns_gap=\u00bb60&#8243;][vc_column width=\u00bb1\/2&#8243;]<h1 class=\"eut-element eut-title eut-align-inherit eut-h3\" style=\"\"><span>Compromiso<\/span><\/h1><div class=\"eut-element eut-divider\" style=\"padding-bottom: 30px;\"><span class=\"eut-custom-divider eut-bg-custom eut-align-inherit\" style=\"width: 100%;height: 2px; background-color: #0071b8;\"><\/span><\/div>[vc_column_text]Nos hemos marcado un alto nivel de compromiso en el cumplimiento de nuestro servicio al cliente asegurando los plazos de entrega y las planificaciones pactadas, as\u00ed como con el aseguramiento de la calidad en nuestro producto final someti\u00e9ndolo exhaustivos tests y controles.[\/vc_column_text]<div class=\"eut-element eut-image eut-align-inherit eut-image-space-100 eut-image-expand-width\" style=\"\"><div class=\"eut-image-wrapper eut-popup-item\"><div class=\"eut-thumbnail-wrapper\"><div class=\"eut-thumbnail\"  style=\"padding-top: 83.495%;\"><img loading=\"lazy\" decoding=\"async\" width=\"412\" height=\"344\" src=\"https:\/\/mace.es\/mace26\/mace23\/wp-content\/uploads\/2022\/11\/imatge13_2.jpg\" class=\"attachment-full size-full\" alt=\"\" data-eutf-filter=\"yes\" srcset=\"https:\/\/mace.es\/mace26\/mace23\/wp-content\/uploads\/2022\/11\/imatge13_2.jpg 412w, https:\/\/mace.es\/mace26\/mace23\/wp-content\/uploads\/2022\/11\/imatge13_2-300x250.jpg 300w\" sizes=\"auto, (max-width: 412px) 100vw, 412px\" \/><\/div><\/div>  <\/div><\/div>[\/vc_column][vc_column width=\u00bb1\/2&#8243;]<h1 class=\"eut-element eut-title eut-align-inherit eut-h3\" style=\"\"><span>Rapida respuesta<\/span><\/h1><div class=\"eut-element eut-divider\" style=\"padding-bottom: 30px;\"><span class=\"eut-custom-divider eut-bg-custom eut-align-inherit\" style=\"width: 100%;height: 2px; background-color: #0071b8;\"><\/span><\/div>[vc_column_text]El equilibrio entre nuestras dimensiones y modelo organizativo horizontal nos aporta una amplia flexibilidad en nuestro proceso productivo, lo que nos permite adaptarnos r\u00e1pidamente a las necesidades de suministro de nuestros clientes, contando adem\u00e1s con un amplio stock de producto acabado.[\/vc_column_text]<div class=\"eut-empty-space eut-height-1x\" style=\"\"><\/div><div class=\"eut-element eut-image eut-align-inherit eut-image-space-100 eut-image-expand-width\" style=\"\"><div class=\"eut-image-wrapper eut-popup-item\"><div class=\"eut-thumbnail-wrapper\"><div class=\"eut-thumbnail\"  style=\"padding-top: 83.495%;\"><img loading=\"lazy\" decoding=\"async\" width=\"412\" height=\"344\" src=\"https:\/\/mace.es\/mace26\/mace23\/wp-content\/uploads\/2022\/11\/imatge12_2.jpg\" class=\"attachment-full size-full\" alt=\"\" data-eutf-filter=\"yes\" srcset=\"https:\/\/mace.es\/mace26\/mace23\/wp-content\/uploads\/2022\/11\/imatge12_2.jpg 412w, https:\/\/mace.es\/mace26\/mace23\/wp-content\/uploads\/2022\/11\/imatge12_2-300x250.jpg 300w\" sizes=\"auto, (max-width: 412px) 100vw, 412px\" \/><\/div><\/div>  <\/div><\/div>[\/vc_column][\/vc_row]<\/p>\n","protected":false},"excerpt":{"rendered":"<p>[vc_row padding_top_multiplier=\u00bb\u00bb padding_bottom_multiplier=\u00bb\u00bb][vc_column][\/vc_column][\/vc_row][vc_row padding_top_multiplier=\u00bb3x\u00bb padding_bottom_multiplier=\u00bb3x\u00bb columns_gap=\u00bb60&#8243;][vc_column width=\u00bb1\/2&#8243;][vc_column_text]MECANIZADOS MACE, SL, fue fundada en 1951 como empresa de servicios metal\u00fargicos, especializada en la construcci\u00f3n de \u00fatiles, m\u00e1quinas y prototipos para clientes de todo tipo, y en especial, la construcci\u00f3n y mantenimiento de maquinaria por tubo.[\/vc_column_text][\/vc_column][vc_column width=\u00bb1\/2&#8243;][vc_column_text]La experiencia obtenida en esta fase inicial permiti\u00f3 que en 1993 inici\u00e1ramos [&hellip;]<\/p>\n","protected":false},"author":1,"featured_media":0,"parent":0,"menu_order":0,"comment_status":"closed","ping_status":"closed","template":"","meta":{"footnotes":""},"class_list":["post-282","page","type-page","status-publish","hentry"],"_links":{"self":[{"href":"https:\/\/mace.es\/es\/wp-json\/wp\/v2\/pages\/282","targetHints":{"allow":["GET"]}}],"collection":[{"href":"https:\/\/mace.es\/es\/wp-json\/wp\/v2\/pages"}],"about":[{"href":"https:\/\/mace.es\/es\/wp-json\/wp\/v2\/types\/page"}],"author":[{"embeddable":true,"href":"https:\/\/mace.es\/es\/wp-json\/wp\/v2\/users\/1"}],"replies":[{"embeddable":true,"href":"https:\/\/mace.es\/es\/wp-json\/wp\/v2\/comments?post=282"}],"version-history":[{"count":2,"href":"https:\/\/mace.es\/es\/wp-json\/wp\/v2\/pages\/282\/revisions"}],"predecessor-version":[{"id":284,"href":"https:\/\/mace.es\/es\/wp-json\/wp\/v2\/pages\/282\/revisions\/284"}],"wp:attachment":[{"href":"https:\/\/mace.es\/es\/wp-json\/wp\/v2\/media?parent=282"}],"curies":[{"name":"wp","href":"https:\/\/api.w.org\/{rel}","templated":true}]}}